{"id":13,"date":"2019-11-04T13:44:16","date_gmt":"2019-11-04T12:44:16","guid":{"rendered":"http:\/\/www.escolania.cat\/inici\/"},"modified":"2025-02-25T16:19:39","modified_gmt":"2025-02-25T15:19:39","slug":"inici","status":"publish","type":"page","link":"https:\/\/escolania.digitalofthings.dev\/es\/","title":{"rendered":"Inici"},"content":{"rendered":"\n<div class=\"is-layout-flex wp-container-6 wp-block-columns alignfull has-4-columns menu-inici blau\">\n<div class=\"is-layout-flow wp-block-column\">\n<h3 class=\"blau\">LA ESCOLAN\u00cdA<\/h3>\n\n\n<div id=\"galeriagif-block_6c4aff785d4f12fec1c4b7d058e9be0e\" class=\"wp-block-galeria-gif \">\n  <div class=\"gallery-gif\">\n          <a href=\"https:\/\/www.escolania.cat\/es\/escolania\/\">\n        <img decoding=\"async\" class=\"img-responsive\" src=\"https:\/\/escolania.digitalofthings.dev\/wp-content\/uploads\/2024\/10\/ESCOLANIA.jpg\" alt=\"\" \/>\n      <\/a>\n          <a href=\"https:\/\/www.escolania.cat\/es\/escolania\/\">\n        <img decoding=\"async\" class=\"img-responsive\" src=\"https:\/\/escolania.digitalofthings.dev\/wp-content\/uploads\/2024\/10\/ESCOLANIA.gif\" alt=\"\" \/>\n      <\/a>\n      <\/div>\n  <div style=\"clear:both;\"><\/div>\n<\/div>\n<\/div>\n\n\n\n<div class=\"is-layout-flow wp-block-column\"><div id=\"galeriagif-block_794ec604a50b14f3acc9361fc5ed2367\" class=\"wp-block-galeria-gif \">\n  <div class=\"gallery-gif\">\n          <a href=\"https:\/\/www.escolania.cat\/es\/cor\/\">\n        <img decoding=\"async\" class=\"img-responsive\" src=\"https:\/\/escolania.digitalofthings.dev\/wp-content\/uploads\/2024\/10\/COR_NOU.jpg\" alt=\"\" \/>\n      <\/a>\n          <a href=\"https:\/\/www.escolania.cat\/es\/cor\/\">\n        <img decoding=\"async\" class=\"img-responsive\" src=\"https:\/\/escolania.digitalofthings.dev\/wp-content\/uploads\/2024\/10\/COR_NOU.gif\" alt=\"\" \/>\n      <\/a>\n      <\/div>\n  <div style=\"clear:both;\"><\/div>\n<\/div>\n\n\n\n<h3>EL CORO<\/h3>\n<\/div>\n\n\n\n<div class=\"is-layout-flow wp-block-column\">\n<h3>SCHOLA CANTORUM<\/h3>\n\n\n<div id=\"galeriagif-block_1804051d52de6fffaf54b6db88f6700d\" class=\"wp-block-galeria-gif \">\n  <div class=\"gallery-gif\">\n          <a href=\"https:\/\/www.escolania.cat\/es\/schola-cantorum\/\">\n        <img decoding=\"async\" class=\"img-responsive\" src=\"https:\/\/escolania.digitalofthings.dev\/wp-content\/uploads\/2024\/10\/SCHOLA-CANTORUM.jpg\" alt=\"\" \/>\n      <\/a>\n          <a href=\"https:\/\/www.escolania.cat\/es\/schola-cantorum\/\">\n        <img decoding=\"async\" class=\"img-responsive\" src=\"https:\/\/escolania.digitalofthings.dev\/wp-content\/uploads\/2024\/10\/SCHOLA-CANTORUM.gif\" alt=\"\" \/>\n      <\/a>\n      <\/div>\n  <div style=\"clear:both;\"><\/div>\n<\/div>\n<\/div>\n\n\n\n<div class=\"is-layout-flow wp-block-column\"><div id=\"galeriagif-block_0dd93f37bd6e41e293128a2459a9bcf7\" class=\"wp-block-galeria-gif \">\n  <div class=\"gallery-gif\">\n          <a href=\"https:\/\/www.escolania.cat\/es\/escola\/\">\n        <img decoding=\"async\" class=\"img-responsive\" src=\"https:\/\/escolania.digitalofthings.dev\/wp-content\/uploads\/2024\/10\/ESCOLA-NOU.jpg\" alt=\"\" \/>\n      <\/a>\n          <a href=\"https:\/\/www.escolania.cat\/es\/escola\/\">\n        <img decoding=\"async\" class=\"img-responsive\" src=\"https:\/\/escolania.digitalofthings.dev\/wp-content\/uploads\/2024\/10\/ESCOLA-NOU.gif\" alt=\"\" \/>\n      <\/a>\n      <\/div>\n  <div style=\"clear:both;\"><\/div>\n<\/div>\n\n\n\n<h3>LA ESCUELA<\/h3>\n<\/div>\n\n\n\n<div class=\"is-layout-flow wp-block-column\">\n<h3>LA RESIDENCIA<\/h3>\n\n\n<div id=\"galeriagif-block_81f97577689523ba479d50ec9d010794\" class=\"wp-block-galeria-gif \">\n  <div class=\"gallery-gif\">\n          <a href=\"https:\/\/www.escolania.cat\/es\/residencia\/\">\n        <img decoding=\"async\" class=\"img-responsive\" src=\"https:\/\/escolania.digitalofthings.dev\/wp-content\/uploads\/2024\/10\/RESIDENCIA-NOU.jpg\" alt=\"\" \/>\n      <\/a>\n          <a href=\"https:\/\/www.escolania.cat\/es\/residencia\/\">\n        <img decoding=\"async\" class=\"img-responsive\" src=\"https:\/\/escolania.digitalofthings.dev\/wp-content\/uploads\/2024\/10\/RESIDENCIA-NOU.gif\" alt=\"\" \/>\n      <\/a>\n      <\/div>\n  <div style=\"clear:both;\"><\/div>\n<\/div>\n<\/div>\n<\/div>\n\n\n\n\n<section id=\"popup-block_d91d56f9f5c379771710a2998e73ba3a\" class=\"section popup\">\n<span class=\"anchor\" id=\"popup\">&nbsp;<\/span>\n  <div class=\"seccio\">\n  <div class=\"popup close-btn\">\n\t\t<span><\/span>\n\t\t<span><\/span>\n\t<\/div>\n  \n  <div class=\"popup-content\">\n                  <article class=\"item entry\">\n                                            <div class=\"wp-block-image\"><div class=\"image\" style='background-image:url(\"https:\/\/escolania.digitalofthings.dev\/wp-content\/uploads\/2025\/12\/POSTAL-NADAL-1-400x300.jpg\");'><\/div><\/div>\n                    <h2 class=\"entry-title\">Calendario de Navidad<\/h2>\n          \n<p>La Escolan\u00eda de Montserrat les desea una <strong>Feliz Navidad y un 2026 lleno de m\u00fasica<\/strong>.<br>Con motivo de las fiestas navide\u00f1as, la Escolan\u00eda no cantar\u00e1 en Montserrat del <strong>26 de diciembre al 7 de enero<\/strong>, ambos inclusive.<\/p>\n\n\n          \n\n\n       <\/article>\n  \t  <\/div>\n\n\n\n  <style type=\"text\/css\">\n    #popup-block_d91d56f9f5c379771710a2998e73ba3a {\n            background-color:#0a1a9c;\n      \n    }\n  <\/style>\n\n<\/div>\n<\/section>\n\n\n<div class=\"blau section\">\n  <span class=\"anchor\" id=\"escolania\">&nbsp;<\/span>\n  <section id=\"seccio-block_5cffc51a76141fb88d44f81ef59e24e6\" class=\"seccio alignfull esquerra\">\n          <header class=\"block section-header\">\n        <h2 class=\"section-title\">La Escolania<\/h2>        <p class=\"section-subtitle\">Setecientos a\u00f1os cantando al servicio de Montserrat<\/p>        <a class=\"btn section-button\" href=\"https:\/\/escolania.digitalofthings.dev\/es\/escolania\/\">+ Informaci\u00f3n<\/a>      <\/header>\n              <div class=\"block wp-block-text\"><p>La Escolan\u00eda de Montserrat es un coro lit\u00fargico, con una clara proyecci\u00f3n musical al servicio del <a href=\"https:\/\/abadiamontserrat.cat\/es\/\">Santuario de la Sant\u00edsima Virgen de Montserrat<\/a>. Y, a la vez, es un centro de formaci\u00f3n humana y cristiana para los chicos que lo integran. Arraigado en el coraz\u00f3n de Catalunya mantiene viva la tradici\u00f3n multisecular de una escuela benedictina que tiene sus or\u00edgenes en el siglo XIII, siendo una de las instituciones de su g\u00e9nero m\u00e1s antiguas de Europa.<\/p>\n<\/div>\n              <div class=\"block wp-block-image\"><div class=\"image\" style='background-image:url(\"https:\/\/escolania.digitalofthings.dev\/wp-content\/uploads\/2024\/05\/INICI-e1714639406830.png\");'><\/div><\/div>\n              <div class=\"block wp-block-image\"><div class=\"image\" style='background-image:url(\"https:\/\/escolania.digitalofthings.dev\/wp-content\/uploads\/2023\/11\/230919-ESCOLANIA-Alta-177-copia-scaled.jpg\");'><\/div><\/div>\n              <div class=\"block blockquote\"><blockquote>Los chicos que forman parte de la escolan\u00eda reciben una esmerada educaci\u00f3n durante su estancia en montserrat, mediante la formaci\u00f3n te\u00f3rica y tambi\u00e9n la experiencia pr\u00e1ctica que puede adquirir el estudiante, cantando y tambi\u00e9n viajando.<\/blockquote><\/div>\n            <footer class=\"block section-footer\">\n      <a class=\"btn section-button\" href=\"https:\/\/escolania.digitalofthings.dev\/es\/escolania\/\">+ Informaci\u00f3n<\/a>    <\/footer>\n    <\/section>\n<\/div>\n\n\n<div class=\"blau section\">\n  <span class=\"anchor\" id=\"cor\">&nbsp;<\/span>\n  <section id=\"seccio-block_59596cca013804784ba962c25b196b0f\" class=\"seccio seccio-extended alignfull esquerra\">\n          <header class=\"block section-header\">\n        <h2 class=\"section-title\">El Coro<\/h2>        <p class=\"section-subtitle\">El \u00e1mbito del coro es el m\u00e1s singular de la escolan\u00eda, es aquello que le proporciona su identidad.\r\n<\/p>        <a class=\"btn section-button\" href=\"https:\/\/escolania.digitalofthings.dev\/es\/cor\/\">+ Informaci\u00f3n<\/a>      <\/header>\n              <div class=\"block wp-block-text\"><p>El canto de los escolanos, de voces blancas, es un lenguaje universal que llega directamente al coraz\u00f3n de la gente en cualquier lugar del mundo en que se los escuche. A parte de llevar a cabo su actividad principal que es su participaci\u00f3n en los servicios lit\u00fargicos del Santuario, tambi\u00e9n tiene otros objetivos: la realizaci\u00f3n de conciertos en Catalunya y en el extranjero, la participaci\u00f3n puntual \u2013 cuando sea conveniente &#8211; en actos lit\u00fargicos fuera del \u00e1mbito de Montserrat, las grabaciones discogr\u00e1ficas, o la difusi\u00f3n del ampl\u00edsimo repertorio de la escuela montserratina, que diferentes compositores han ido confeccionando a lo largo de la historia para nuestro Coro.<\/p>\n<\/div>\n              <div class=\"block wp-block-image\"><div class=\"image\" style='background-image:url(\"https:\/\/escolania.digitalofthings.dev\/wp-content\/uploads\/2024\/05\/ESCOLANS.png\");'><\/div><\/div>\n        \n          <div class=\"block wp-block-image\"><div class=\"image blau\" style='background-image:url(\"https:\/\/escolania.digitalofthings.dev\/wp-content\/uploads\/2024\/05\/01-e1714640227751.png\");'><\/div><\/div>\n              <div class=\"block blockquote\"><blockquote>\u00abDe la escolania me quedo, sin duda alguna, con los buenos recuerdos, el trabajo en equipo, la convivencia con los compa\u00f1eros y los adultos. creo que el coro funciona, en gran parte, gracias a la convivencia y al trabajo.\u00bb<\/blockquote><\/div>\n              <div class=\"block wp-block-image\"><div class=\"image\" style='background-image:url(\"https:\/\/escolania.digitalofthings.dev\/wp-content\/uploads\/2024\/05\/02-e1714642342914.png\");'><\/div><\/div>\n    \n          <div class=\"block wp-block-image\"><div class=\"image\" style='background-image:url(\"https:\/\/escolania.digitalofthings.dev\/wp-content\/uploads\/2024\/05\/03.png\");'><\/div><\/div>\n            <footer class=\"block section-footer\">\n      <a class=\"btn section-button\" href=\"https:\/\/escolania.digitalofthings.dev\/es\/cor\/\">+ Informaci\u00f3n<\/a>    <\/footer>\n    <\/section>\n<\/div>\n\n\n<div class=\"blau section\">\n  <span class=\"anchor\" id=\"escola\">&nbsp;<\/span>\n  <section id=\"seccio-block_43ae5f34e0cbbe94f4fa80ad2a10b640\" class=\"seccio alignfull esquerra\">\n          <header class=\"block section-header\">\n        <h2 class=\"section-title\">La Escuela<\/h2>        <p class=\"section-subtitle\">Como escuela, la escolan\u00eda es un centro integrado de formaci\u00f3n b\u00e1sica y art\u00edstica.<\/p>        <a class=\"btn section-button\" href=\"https:\/\/escolania.digitalofthings.dev\/es\/escola\/\">+ Informaci\u00f3n<\/a>      <\/header>\n              <div class=\"block wp-block-text\"><p>Dado que todos los chicos que integran el Coro se hallan en edad escolar, la Escolan\u00eda tiene una escuela que les permite llevar a cabo en Montserrat tanto la formaci\u00f3n general como la musical. La consideraci\u00f3n de centro integrado facilita que nuestros alumnos puedan compaginar la formaci\u00f3n general obligatoria y la musical, con su participaci\u00f3n en el Coro. La Escuela proporciona una formaci\u00f3n integral que puede tener continuidad en cualquier otra escuela cuando el chico termine su etapa en la Escolan\u00eda<\/p>\n<\/div>\n              <div class=\"block wp-block-image\"><div class=\"image\" style='background-image:url(\"https:\/\/escolania.digitalofthings.dev\/wp-content\/uploads\/2024\/05\/04-e1714642680379.png\");'><\/div><\/div>\n              <div class=\"block wp-block-image\"><div class=\"image\" style='background-image:url(\"https:\/\/escolania.digitalofthings.dev\/wp-content\/uploads\/2024\/05\/05.png\");'><\/div><\/div>\n              <div class=\"block blockquote\"><blockquote>\u00abvarios factores hacen de la escolan\u00eda un centro \u00fanico. en primer lugar, el cultivo de la m\u00fasica, principalmente del canto, del lenguaje musical y los instrumentos; en segundo lugar, el ambiente con el profesorado y los monjes, la gran familia que se forma, y la docencia y los valores que se desprenden de toda aquella formaci\u00f3n.\u00bb<\/blockquote><\/div>\n            <footer class=\"block section-footer\">\n      <a class=\"btn section-button\" href=\"https:\/\/escolania.digitalofthings.dev\/es\/escola\/\">+ Informaci\u00f3n<\/a>    <\/footer>\n    <\/section>\n<\/div>\n\n\n<div class=\"blau section\">\n  <span class=\"anchor\" id=\"residencia\">&nbsp;<\/span>\n  <section id=\"seccio-block_8be1f9141d4cc33e05ad98650365f83a\" class=\"seccio alignfull dreta\">\n          <header class=\"block section-header\">\n        <h2 class=\"section-title\">La Residencia<\/h2>        <p class=\"section-subtitle\">La Residencia quiere aportar la familiaridad que precisa todo entorno de  crecimiento cuando, debido a la distancia, no es posible que el chico pueda ir a casa cada d\u00eda \r\n<\/p>        <a class=\"btn section-button\" >+ Informaci\u00f3n<\/a>      <\/header>\n              <div class=\"block wp-block-text\"><p>La Residencia es un espacio pedag\u00f3gico atendido por un equipo de educadores que, coordinados con las familias, contribuyen al crecimiento de los chicos como personas, ayudando a pensar, a actuar de forma aut\u00f3noma y coherente, a convivir, y en definitiva a convertirse en ciudadanos responsables. Dado que entendemos el espacio residencial como un lugar donde crecer en valores y h\u00e1bitos, es muy importante que haya una buena coordinaci\u00f3n y una comunicaci\u00f3n fluida entre los educadores y las familias de los escolanos puesto que su educaci\u00f3n, durante los a\u00f1os que los chicos residen en Montserrat, es una tarea conjunta. La Residencia se adapta a las necesidades de cada chico y de cada familia, y ofrece un abanico de posibilidades: desde ir a dormir a casa cada d\u00eda, hasta residir durante la semana en pensi\u00f3n completa.<\/p>\n<\/div>\n              <div class=\"block wp-block-image\"><div class=\"image\" style='background-image:url(\"https:\/\/escolania.digitalofthings.dev\/wp-content\/uploads\/2024\/05\/06.png\");'><\/div><\/div>\n              <div class=\"block wp-block-image\"><div class=\"image\" style='background-image:url(\"https:\/\/escolania.digitalofthings.dev\/wp-content\/uploads\/2023\/11\/220901-ESCOLANIA-Alta-012-1.jpg\");'><\/div><\/div>\n              <div class=\"block blockquote\"><blockquote>\u00aben La Escolan\u00eda, nuestros hijos han aprendido a convivir, a planificar el tiempo y el trabajo, han adquirido una cultura general amplia y un aprendizaje constante, y el criterio y el esp\u00edritu cr\u00edtico hac\u00eda todo aquello que los rodea.\u00bb<\/blockquote><\/div>\n            <footer class=\"block section-footer\">\n      <a class=\"btn section-button\" >+ Informaci\u00f3n<\/a>    <\/footer>\n    <\/section>\n<\/div>\n\n\n<div class=\"blau section\">\n  <span class=\"anchor\" id=\"\">&nbsp;<\/span>\n  <section id=\"seccio-block_82edbcb95200e51b86817a75b05c35ba\" class=\"seccio alignfull esquerra\">\n          <header class=\"block section-header\">\n        <h2 class=\"section-title\">Schola Cantorum<\/h2>        <p class=\"section-subtitle\">Desde el curso 2023-24 la Escolan\u00eda dispone de un nuevo coro que recibe el nombre de\r\nSchola Cantorum de la Escolan\u00eda de Montserrat. \r\n<\/p>        <a class=\"btn section-button\" href=\"https:\/\/escolania.digitalofthings.dev\/es\/schola-cantorum\/\">+ Informaci\u00f3n<\/a>      <\/header>\n              <div class=\"block wp-block-text\"><p>Est\u00e1 formado por chicos y chicas entre los 17 y los 24 a\u00f1os que se hallan en per\u00edodo de formaci\u00f3n. Sus integrantes son considerados, tambi\u00e9n, \u201cescolanos\u201d y \u201cescolanas\u201d, van vestidos con t\u00fanica y roquete, y son inscritos en el libro oficial de vesticiones de la Escolan\u00eda.<\/p>\n<\/div>\n              <div class=\"block wp-block-image\"><div class=\"image\" style='background-image:url(\"https:\/\/escolania.digitalofthings.dev\/wp-content\/uploads\/2024\/07\/schola-cantorum.jpg\");'><\/div><\/div>\n                    <footer class=\"block section-footer\">\n      <a class=\"btn section-button\" href=\"https:\/\/escolania.digitalofthings.dev\/es\/schola-cantorum\/\">+ Informaci\u00f3n<\/a>    <\/footer>\n    <\/section>\n<\/div>\n\n\n\n<div class=\"section\">\n  <span class=\"anchor\" id=\"amics-escolania\">&nbsp;<\/span>\n  <section id=\"seccio-simple-block_e217ddbd1d3a4fd94b6f1660eb06d6c4\" class=\"seccio seccio-simple amics-escolania alignfull dreta\">\n          <header class=\"block section-header\">\n        <h2 class=\"section-title\">Nuestros patrocinadores<\/h2>      <\/header>\n              <div class=\"block wp-block-text\"><div id='gallery-1' class='gallery galleryid-13 gallery-columns-5 gallery-size-thumbnail'><figure class='gallery-item'>\n\t\t\t<div class='gallery-icon landscape'>\n\t\t\t\t<img width=\"400\" height=\"250\" src=\"https:\/\/escolania.digitalofthings.dev\/wp-content\/uploads\/2020\/05\/montserrat-blau.png\" class=\"attachment-thumbnail size-thumbnail\" alt=\"\" decoding=\"async\" loading=\"lazy\" \/>\n\t\t\t<\/div><\/figure><figure class='gallery-item'>\n\t\t\t<div class='gallery-icon landscape'>\n\t\t\t\t<img width=\"400\" height=\"250\" src=\"https:\/\/escolania.digitalofthings.dev\/wp-content\/uploads\/2020\/05\/lacaixa-blau.png\" class=\"attachment-thumbnail size-thumbnail\" alt=\"\" decoding=\"async\" loading=\"lazy\" \/>\n\t\t\t<\/div><\/figure><figure class='gallery-item'>\n\t\t\t<div class='gallery-icon landscape'>\n\t\t\t\t<img width=\"400\" height=\"250\" src=\"https:\/\/escolania.digitalofthings.dev\/wp-content\/uploads\/2020\/05\/corteingles-blue.png\" class=\"attachment-thumbnail size-thumbnail\" alt=\"\" decoding=\"async\" loading=\"lazy\" \/>\n\t\t\t<\/div><\/figure><figure class='gallery-item'>\n\t\t\t<div class='gallery-icon landscape'>\n\t\t\t\t<img width=\"400\" height=\"250\" src=\"https:\/\/escolania.digitalofthings.dev\/wp-content\/uploads\/2024\/12\/EL-PALACE.jpg\" class=\"attachment-thumbnail size-thumbnail\" alt=\"\" decoding=\"async\" loading=\"lazy\" \/>\n\t\t\t<\/div><\/figure><figure class='gallery-item'>\n\t\t\t<div class='gallery-icon landscape'>\n\t\t\t\t<img width=\"400\" height=\"250\" src=\"https:\/\/escolania.digitalofthings.dev\/wp-content\/uploads\/2024\/09\/EM-LOGO-EDUCACIO-web.jpg\" class=\"attachment-thumbnail size-thumbnail\" alt=\"\" decoding=\"async\" loading=\"lazy\" \/>\n\t\t\t<\/div><\/figure>\n\t\t<\/div>\n\n<\/div>\n        <\/section>\n<\/div>\n","protected":false},"excerpt":{"rendered":"LA ESCOLAN\u00cdA EL CORO SCHOLA CANTORUM LA ESCUELA LA RESIDENCIA","protected":false},"author":1,"featured_media":0,"parent":0,"menu_order":20,"comment_status":"closed","ping_status":"closed","template":"front-page.php","meta":[],"acf":[],"yoast_head":"<!-- This site is optimized with the Yoast SEO plugin v21.1 - https:\/\/yoast.com\/wordpress\/plugins\/seo\/ -->\n<title>Inici - Escolania de Montserrat<\/title>\n<meta name=\"robots\" content=\"index, follow, max-snippet:-1, max-image-preview:large, max-video-preview:-1\" \/>\n<link rel=\"canonical\" href=\"https:\/\/escolania.digitalofthings.dev\/es\/\" \/>\n<meta name=\"twitter:label1\" content=\"Tiempo de lectura\" \/>\n\t<meta name=\"twitter:data1\" content=\"1 minuto\" \/>\n<script type=\"application\/ld+json\" class=\"yoast-schema-graph\">{\"@context\":\"https:\/\/schema.org\",\"@graph\":[{\"@type\":\"WebPage\",\"@id\":\"https:\/\/escolania.digitalofthings.dev\/es\/\",\"url\":\"https:\/\/escolania.digitalofthings.dev\/es\/\",\"name\":\"Inici - Escolania de Montserrat\",\"isPartOf\":{\"@id\":\"https:\/\/escolania.digitalofthings.dev\/es\/#website\"},\"datePublished\":\"2019-11-04T12:44:16+00:00\",\"dateModified\":\"2025-02-25T15:19:39+00:00\",\"breadcrumb\":{\"@id\":\"https:\/\/escolania.digitalofthings.dev\/es\/#breadcrumb\"},\"inLanguage\":\"es\",\"potentialAction\":[{\"@type\":\"ReadAction\",\"target\":[\"https:\/\/escolania.digitalofthings.dev\/es\/\"]}]},{\"@type\":\"BreadcrumbList\",\"@id\":\"https:\/\/escolania.digitalofthings.dev\/es\/#breadcrumb\",\"itemListElement\":[{\"@type\":\"ListItem\",\"position\":1,\"name\":\"Inici\",\"item\":\"https:\/\/escolania.digitalofthings.dev\/es\/\"},{\"@type\":\"ListItem\",\"position\":2,\"name\":\"Inici\"}]},{\"@type\":\"WebSite\",\"@id\":\"https:\/\/escolania.digitalofthings.dev\/es\/#website\",\"url\":\"https:\/\/escolania.digitalofthings.dev\/es\/\",\"name\":\"Escolania de Montserrat\",\"description\":\"Escolania de Montserrat\",\"publisher\":{\"@id\":\"https:\/\/escolania.digitalofthings.dev\/es\/#organization\"},\"potentialAction\":[{\"@type\":\"SearchAction\",\"target\":{\"@type\":\"EntryPoint\",\"urlTemplate\":\"https:\/\/escolania.digitalofthings.dev\/es\/?s={search_term_string}\"},\"query-input\":\"required name=search_term_string\"}],\"inLanguage\":\"es\"},{\"@type\":\"Organization\",\"@id\":\"https:\/\/escolania.digitalofthings.dev\/es\/#organization\",\"name\":\"Escolania de Montserrat\",\"url\":\"https:\/\/escolania.digitalofthings.dev\/es\/\",\"logo\":{\"@type\":\"ImageObject\",\"inLanguage\":\"es\",\"@id\":\"https:\/\/escolania.digitalofthings.dev\/es\/#\/schema\/logo\/image\/\",\"url\":\"https:\/\/www.escolania.cat\/wp-content\/uploads\/2019\/11\/logo-escolania.svg\",\"contentUrl\":\"https:\/\/www.escolania.cat\/wp-content\/uploads\/2019\/11\/logo-escolania.svg\",\"width\":546,\"height\":112,\"caption\":\"Escolania de Montserrat\"},\"image\":{\"@id\":\"https:\/\/escolania.digitalofthings.dev\/es\/#\/schema\/logo\/image\/\"},\"sameAs\":[\"https:\/\/www.facebook.com\/EscolaniaMont\/\",\"https:\/\/twitter.com\/EscolaniaMont\",\"https:\/\/www.instagram.com\/escolania_montserrat\/\",\"https:\/\/www.youtube.com\/user\/EscolaniaMontserrat\",\"https:\/\/es.wikipedia.org\/wiki\/Escolan\u00eda_de_Montserrat\"]}]}<\/script>\n<!-- \/ Yoast SEO plugin. -->","yoast_head_json":{"title":"Inici - Escolania de Montserrat","robots":{"index":"index","follow":"follow","max-snippet":"max-snippet:-1","max-image-preview":"max-image-preview:large","max-video-preview":"max-video-preview:-1"},"canonical":"https:\/\/escolania.digitalofthings.dev\/es\/","twitter_misc":{"Tiempo de lectura":"1 minuto"},"schema":{"@context":"https:\/\/schema.org","@graph":[{"@type":"WebPage","@id":"https:\/\/escolania.digitalofthings.dev\/es\/","url":"https:\/\/escolania.digitalofthings.dev\/es\/","name":"Inici - Escolania de Montserrat","isPartOf":{"@id":"https:\/\/escolania.digitalofthings.dev\/es\/#website"},"datePublished":"2019-11-04T12:44:16+00:00","dateModified":"2025-02-25T15:19:39+00:00","breadcrumb":{"@id":"https:\/\/escolania.digitalofthings.dev\/es\/#breadcrumb"},"inLanguage":"es","potentialAction":[{"@type":"ReadAction","target":["https:\/\/escolania.digitalofthings.dev\/es\/"]}]},{"@type":"BreadcrumbList","@id":"https:\/\/escolania.digitalofthings.dev\/es\/#breadcrumb","itemListElement":[{"@type":"ListItem","position":1,"name":"Inici","item":"https:\/\/escolania.digitalofthings.dev\/es\/"},{"@type":"ListItem","position":2,"name":"Inici"}]},{"@type":"WebSite","@id":"https:\/\/escolania.digitalofthings.dev\/es\/#website","url":"https:\/\/escolania.digitalofthings.dev\/es\/","name":"Escolania de Montserrat","description":"Escolania de Montserrat","publisher":{"@id":"https:\/\/escolania.digitalofthings.dev\/es\/#organization"},"potentialAction":[{"@type":"SearchAction","target":{"@type":"EntryPoint","urlTemplate":"https:\/\/escolania.digitalofthings.dev\/es\/?s={search_term_string}"},"query-input":"required name=search_term_string"}],"inLanguage":"es"},{"@type":"Organization","@id":"https:\/\/escolania.digitalofthings.dev\/es\/#organization","name":"Escolania de Montserrat","url":"https:\/\/escolania.digitalofthings.dev\/es\/","logo":{"@type":"ImageObject","inLanguage":"es","@id":"https:\/\/escolania.digitalofthings.dev\/es\/#\/schema\/logo\/image\/","url":"https:\/\/www.escolania.cat\/wp-content\/uploads\/2019\/11\/logo-escolania.svg","contentUrl":"https:\/\/www.escolania.cat\/wp-content\/uploads\/2019\/11\/logo-escolania.svg","width":546,"height":112,"caption":"Escolania de Montserrat"},"image":{"@id":"https:\/\/escolania.digitalofthings.dev\/es\/#\/schema\/logo\/image\/"},"sameAs":["https:\/\/www.facebook.com\/EscolaniaMont\/","https:\/\/twitter.com\/EscolaniaMont","https:\/\/www.instagram.com\/escolania_montserrat\/","https:\/\/www.youtube.com\/user\/EscolaniaMontserrat","https:\/\/es.wikipedia.org\/wiki\/Escolan\u00eda_de_Montserrat"]}]}},"_links":{"self":[{"href":"https:\/\/escolania.digitalofthings.dev\/es\/wp-json\/wp\/v2\/pages\/13"}],"collection":[{"href":"https:\/\/escolania.digitalofthings.dev\/es\/wp-json\/wp\/v2\/pages"}],"about":[{"href":"https:\/\/escolania.digitalofthings.dev\/es\/wp-json\/wp\/v2\/types\/page"}],"author":[{"embeddable":true,"href":"https:\/\/escolania.digitalofthings.dev\/es\/wp-json\/wp\/v2\/users\/1"}],"replies":[{"embeddable":true,"href":"https:\/\/escolania.digitalofthings.dev\/es\/wp-json\/wp\/v2\/comments?post=13"}],"version-history":[{"count":341,"href":"https:\/\/escolania.digitalofthings.dev\/es\/wp-json\/wp\/v2\/pages\/13\/revisions"}],"predecessor-version":[{"id":9001,"href":"https:\/\/escolania.digitalofthings.dev\/es\/wp-json\/wp\/v2\/pages\/13\/revisions\/9001"}],"wp:attachment":[{"href":"https:\/\/escolania.digitalofthings.dev\/es\/wp-json\/wp\/v2\/media?parent=13"}],"curies":[{"name":"wp","href":"https:\/\/api.w.org\/{rel}","templated":true}]}}