{"id":2914,"date":"2019-11-04T14:03:36","date_gmt":"2019-11-04T13:03:36","guid":{"rendered":"https:\/\/www.escolania.cat\/residencia\/"},"modified":"2024-05-30T11:04:38","modified_gmt":"2024-05-30T09:04:38","slug":"residencia","status":"publish","type":"page","link":"https:\/\/escolania.digitalofthings.dev\/es\/residencia\/","title":{"rendered":"La Residencia"},"content":{"rendered":"\n<div class=\"section\">\n  <span class=\"anchor\" id=\"espai\">&nbsp;<\/span>\n  <section id=\"seccio-simple-block_f4107667f5cf3a5342fd6e2c7b8623f9\" class=\"seccio seccio-simple alignfull dreta\">\n          <header class=\"block section-header\">\n        <h2 class=\"section-title\">Una gran familia<\/h2>      <\/header>\n              <div class=\"block wp-block-text\"><p>La Residencia es un espacio pedag\u00f3gico atendido por un equipo de educadores que, coordinados con las familias de los escolanos, quieren ayudar a los chicos a crecer en todos los aspectos, especialmente por lo que se refiere a la convivencia.<\/p>\n<p>Desde el domingo por la noche hasta el viernes por la tarde, los escolanos pueden utilizar la Residencia. Desde hace unos a\u00f1os es un espacio flexible que permite a los chicos, que viven cerca, poder ir a casa los d\u00edas de entre semana si as\u00ed lo desea la familia.<\/p>\n<p>Este espacio est\u00e1 concebido como un lugar donde crecer con valores y h\u00e1bitos, se considera muy importante la coordinaci\u00f3n con las familias de los escolanos. La educaci\u00f3n de los escolanos, pues, es una tarea conjunta donde prima el bien de cada chico.<\/p>\n<\/div>\n              <div class=\"block wp-block-image\"><div class=\"image\" style='background-image:url(\"https:\/\/escolania.digitalofthings.dev\/wp-content\/uploads\/2023\/09\/220901-ESCOLANIA-Alta-181-1-1-copia-1.jpg\");'><\/div><\/div>\n    <\/section>\n<\/div>\n\n\n\n<div class=\"section\">\n  <span class=\"anchor\" id=\"activitats\">&nbsp;<\/span>\n  <section id=\"seccio-simple-block_0f28f1af718f1b99e10e3878f4090b4a\" class=\"seccio seccio-simple columnes alignfull esquerra\">\n          <header class=\"block section-header\">\n        <h2 class=\"section-title\">Actividades<\/h2>      <\/header>\n              <div class=\"block wp-block-text\"><div>\n<h2 class=\"parraf-title\">San Nicol\u00e1s<\/h2>\n<p>El 6 de diciembre, d\u00eda de San Nicol\u00e1s, es la fiesta mayor de los escolanos. Es una fiesta a la que asisten familias, monjes y antiguos escolanos, la Escolan\u00eda canta la leyenda de San Nicol\u00e1s. Siguiendo una tradici\u00f3n de la Edad Media, durante este d\u00eda uno de los escolanos (previamente elegido por sus compa\u00f1eros) es el Obispillo y ejerce el papel de San Nicol\u00e1s durante la leyenda. Esta fiesta es muy querida por los escolanos  y por todos aquellos que han formado parte de la Escolan\u00eda.\n<\/p><\/div>\n<div>\n<h2 class=\"parraf-title\">Intercambio con Cintra<\/h2>\n<p>Cada a\u00f1o, los escolanos mayores hacen un intercambio con los chicos y las chicas de la escuela Centra, del barrio del Raval de Barcelona. Este centro trabaja con adolescentes en situaci\u00f3n de alto riesgo de exclusi\u00f3n social. Los escolanos y los j\u00f3venes de Cintra de acogen mutuamente compartiendo el juego y sus experiencias.\n<\/p><\/div>\n<div>\n<h2 class=\"parraf-title\">Intercambio con La Mas\u00eda del F. C. Barcelona<\/h2>\n<p>Fruto del parecido existente entre las dos instituciones, muchas veces los escolanos  han realizado intercambios con los residentes en la Mas\u00eda del Bar\u00e7a. Con ellos, compartimos la importancia de valores como el esfuerzo, la disciplina y el trabajo en equipo. Estos intercambios han consistido en visitas a la ciudad deportiva Joan Gamper, o en excursiones de los chicos de la Mas\u00eda a Montserrat.\n<\/p><\/div>\n<div>\n<h2 class=\"parraf-title\">Decanatos<\/h2>\n<p>Cada mi\u00e9rcoles hay un espacio compartido entre la Escuela y la Residencia para realizar actividades que el d\u00eda a d\u00eda no permite. Seg\u00fan la semana, se realizan excursiones por la monta\u00f1a, se invita a un personaje a dar una charla o se realiza alguna otra actividad de grupo.\n<\/p><\/div>\n<div>\n<h2 class=\"parraf-title\">Quinze d\u00edas de verano<\/h2>\n<p>Los escolanos regresan de vacaciones alrededor del 20 de agosto. Estos d\u00edas antes de empezar el curso escolar sirven para reiniciar la actividad del Coro, pero tambi\u00e9n para disfrutar de unos d\u00edas de piscina, competiciones y otras actividades de verano. Se parecen a unos campamentos musicales.\n<\/p><\/div>\n<div>\n<h2 class=\"parraf-title\">Intercambio en Inglaterra<\/h2>\n<p>Como viaje de final de curso, los escolanos mayores hacen un intercambio con unos chicos de una escuela de Londres. Durante su estancia en Inglaterra, los escolanos visitan Londres y descubren c\u00f3mo es la vida en una escuela inglesa. Y, a continuaci\u00f3n, los chicos ingleses residen una semana en Catalu\u00f1a.\n<\/p><\/div>\n<div>\n<h2 class=\"parraf-title\">Catequesis<\/h2>\n<p>En la Escolan\u00eda se ofrece la posibilidad de recibir catequesis a los escolanos  que no han recibido el Bautismo o la Primera Comuni\u00f3n.<\/p>\n<\/div>\n<\/div>\n        <\/section>\n<\/div>\n\n\n\n<div class=\"section\">\n  <span class=\"anchor\" id=\"angles\">&nbsp;<\/span>\n  <section id=\"seccio-simple-block_b14bca825038f54ab395088634ad74d6\" class=\"seccio seccio-simple alignfull esquerra\">\n          <header class=\"block section-header\">\n        <h2 class=\"section-title\">\u00a1APRENDEMOS INGL\u00c9S!<\/h2>      <\/header>\n              <div class=\"block wp-block-text\"><p>La Escolan\u00eda tiene un convenio con una universidad americana, que cada curso env\u00eda dos universitarios a compartir el d\u00eda a d\u00eda con los escolanes. Estos chicos tienen la oportunidad de descubrir qu\u00e9 es Montserrat y Catalu\u00f1a, y ayudan a los escolanes en la pr\u00e1ctica diaria del ingl\u00e9s. La estancia de estos estudiantes, previamente seleccionados por la universidad, supone un enriquecimiento cultural tanto para ellos como para los mismos escolanes.<\/p>\n<\/div>\n              <div class=\"block wp-block-image\"><div class=\"image\" style='background-image:url(\"https:\/\/escolania.digitalofthings.dev\/wp-content\/uploads\/2023\/09\/IMG_6761-1-scaled.jpg\");'><\/div><\/div>\n    <\/section>\n<\/div>\n\n\n\n<div class=\"section\">\n  <span class=\"anchor\" id=\"faq\">&nbsp;<\/span>\n  <section id=\"seccio-simple-block_eed8e0ac1c2f509e22e0762cf3d22809\" class=\"seccio seccio-simple alignfull dreta\">\n          <header class=\"block section-header\">\n        <h2 class=\"section-title\">\u00bfQU\u00c9 QUIERES SABER? (Faqs)<\/h2>      <\/header>\n              <div class=\"block wp-block-text\"><p><strong>\u00bfC\u00f3mo se puede entrar a la Escolan\u00eda?<\/strong><br \/>\n<a href=\"https:\/\/www.escolania.cat\/es\/contacto\/\">Aqu\u00ed tienes la respuesta.<\/a><\/p>\n<p><strong>\u00bfQu\u00e9 estudian?<\/strong><br \/>\nLos escolanos en Montserrat estudian lo mismo que los chicos de su edad. Pero, adem\u00e1s, practican mucha m\u00fasica: tocan dos instrumentos cada uno (el piano y otro instrumento de la orquesta), hacen lenguaje musical, canto coral, clase de orquesta\u2026<\/p>\n<p><strong>\u00bfC\u00f3mo es la Escolan\u00eda por dentro?<\/strong><br \/>\nAqu\u00ed puedes ver alguno de los espacios de la Escolan\u00eda en el v\u00eddeo del D\u00eda de Puertas Abiertas.<\/p>\n<p><strong>\u00bfCu\u00e1nto dura su estancia?<\/strong><br \/>\nLa mayor\u00eda de chicos entran en 4\u00ba de Primaria, y alguno en 5\u00ba. La estancia en la Escolan\u00eda termina en 1\u00ba o 2\u00ba de ESO, en funci\u00f3n de la evoluci\u00f3n de su voz.<\/p>\n<p><strong>\u00bfC\u00f3mo es la semana de un escolano?<\/strong><br \/>\nEl horario que has le\u00eddo m\u00e1s arriba es el que hacemos de lunes a jueves. Los viernes todos los escolanos regresen a su casa a las 17:30, y permanecen en ella hasta el domingo a las 10:00. Los domingos son d\u00edas especiales: cantan a las 11:00 (Misa Conventual) y a las 18:45 (V\u00edsperas), y el tiempo libre entre las dos celebraciones lit\u00fargicas es un tiempo de convivencia para las familias. La mayor\u00eda de ellas lo pasan en Montserrat (aunque los que viven cerca pueden ir a comer a casa). A veces, tambi\u00e9n, se organizan actividades en esta franja temporal. Cabe decir que los domingos normalmente no vienen todos los escolanos, sino que se organizan turnos para que todos puedan tener algunos domingos libres, aparte de los que ya tienen durante las vacaciones (dos semanas en Navidad, la semana despu\u00e9s de Semana Santa y unas ocho semanas en verano).<\/p>\n<p><strong>\u00bfQu\u00e9 comen?<\/strong><br \/>\nSon chicos absolutamente normales: juegan, se r\u00eden, lloran, se entusiasman, se enfadan, hay algunos m\u00e1s movidos, otros m\u00e1s calmados, algunos son m\u00e1s traviesos, otros no tanto&#8230; Es verdad que en la escolan\u00eda se dan algunas caracter\u00edsticas que quiz\u00e1 no son lo m\u00e1s habitual entre los chicos de su edad: el inter\u00e9s por la m\u00fasica cl\u00e1sica, el gusto de muchos por la lectura, su valent\u00eda por actuar en p\u00fablico delante de mucha gente, la manera que tienen de hablar con los medios de comunicaci\u00f3n&#8230; Y en una cosa son excepcionales: cuando cantan, llegan al coraz\u00f3n de las personas, y gente de todo el mundo se emociona al escucharles cantar.<\/p>\n<p><strong>\u00bfQu\u00e9 comen?<\/strong><br \/>\nLos escolanos siguen una dieta equilibrada, de acuerdo con el asesoramiento de una nutricionista. Las comidas son elaboradas por un equipo de cocineros que hacen una cocina casera. Durante su estancia, se intenta que los escolanos aprendan a comer de todo.<\/p>\n<p><strong>\u00bfDe d\u00f3nde vienen?<\/strong><br \/>\nLos escolanos vienen de todo el territorio catal\u00e1n. Ocasionalmente, ha habido chicos de otras zonas catalanohablantes.<\/p>\n<p><strong>\u00bfQui\u00e9n paga la Escolan\u00eda?<\/strong><br \/>\nLos padres de los escolanos pagan un 20% de la estancia de su hijo en Montserrat. El Departamento de Educaci\u00f3n paga una parte de la escuela. A trav\u00e9s de la Fundaci\u00f3n Abad\u00eda de Montserrat 2025, hay algunas ayudas de sponsors. El resto de gastos, que son la mayor parte, los asume la Abad\u00eda de Montserrat. Ahora bien, ning\u00fan chico se queda sin acceder a la Escolan\u00eda por un tema econ\u00f3mico: lo importante es tener una buena voz y unas buenas aptitudes para la m\u00fasica.<\/p>\n<p><strong>Ventajas para las familias<\/strong><br \/>\nCada domingo, las familias disponen de una plaza de aparcamiento, de un espacio para comer, y varios descuentos en los servicios del Santuario. Pero algo muy valioso que viven las familias en Montserrat es la convivencia con los otros padres y hermanos, y con todos los que forman parte de Montserrat.<\/p>\n<\/div>\n              <div class=\"block wp-block-image\"><div class=\"image\" style='background-image:url(\"https:\/\/escolania.digitalofthings.dev\/wp-content\/uploads\/2023\/09\/220901-ESCOLANIA-Alta-197.jpg\");'><\/div><\/div>\n    <\/section>\n<\/div>\n\n\n\n<div class=\"section\">\n<span class=\"anchor\" id=\"multimedia\">&nbsp;<\/span>\n<section class=\"galeria alignfull seccio\">\n      <header class=\"section-header\">\n      <h2 class=\"section-title\">Galer\u00eda multimedia<\/h2>    <\/header>\n  \n  <div class=\"galeria-content\">\n          <div id=\"galeria-block_0524b6e9c45790998cc8ab3d958a6ca1\" class=\"gallery-content llista-galeria owl-gallery owl-carousel owl-theme\">\n                  <article class=\"item entry\">\n                        <a class=\"video\" href=\"https:\/\/youtu.be\/cqKNyHMDsJw\" rel=\"prettyPhoto[galeria]\" title=\"Buenos dias\">\n              <img decoding=\"async\" class=\"wp-post-image\" src=\"https:\/\/escolania.digitalofthings.dev\/wp-content\/uploads\/2020\/01\/menjador.jpg\" \/>\n            <\/a>\n            <p class=\"image-title\">Buenos dias<\/p>\n                      <\/article>\n                  <article class=\"item entry\">\n                        <a class=\"video\" href=\"https:\/\/www.youtube.com\/watch?v=zgPYxev3Yxw&amp;feature=youtu.be\" rel=\"prettyPhoto[galeria]\" title=\"Cama el\u00e1stica\">\n              <img decoding=\"async\" class=\"wp-post-image\" src=\"https:\/\/escolania.digitalofthings.dev\/wp-content\/uploads\/2020\/01\/llit-elastic.jpg\" \/>\n            <\/a>\n            <p class=\"image-title\">Cama el\u00e1stica<\/p>\n                      <\/article>\n                  <article class=\"item entry\">\n                        <a class=\"video\" href=\"https:\/\/www.youtube.com\/watch?v=Wsv2lg_saSg&amp;feature=youtu.be\" rel=\"prettyPhoto[galeria]\" title=\"Lectura\">\n              <img decoding=\"async\" class=\"wp-post-image\" src=\"https:\/\/escolania.digitalofthings.dev\/wp-content\/uploads\/2020\/01\/lectura.jpg\" \/>\n            <\/a>\n            <p class=\"image-title\">Lectura<\/p>\n                      <\/article>\n                  <article class=\"item entry\">\n                        <a class=\"video\" href=\"https:\/\/www.youtube.com\/watch?v=NixyP1HpaCk&amp;feature=youtu.be\" rel=\"prettyPhoto[galeria]\" title=\"Comedor\">\n              <img decoding=\"async\" class=\"wp-post-image\" src=\"https:\/\/escolania.digitalofthings.dev\/wp-content\/uploads\/2020\/01\/menjador-1.jpg\" \/>\n            <\/a>\n            <p class=\"image-title\">Comedor<\/p>\n                      <\/article>\n                  <article class=\"item entry\">\n                        <a class=\"video\" href=\"https:\/\/www.youtube.com\/watch?v=pg5VfNZLzrE&amp;feature=youtu.be\" rel=\"prettyPhoto[galeria]\" title=\"Juegos\">\n              <img decoding=\"async\" class=\"wp-post-image\" src=\"https:\/\/escolania.digitalofthings.dev\/wp-content\/uploads\/2020\/01\/escacs.jpg\" \/>\n            <\/a>\n            <p class=\"image-title\">Juegos<\/p>\n                      <\/article>\n                  <article class=\"item entry\">\n                        <a class=\"video\" href=\"https:\/\/www.youtube.com\/watch?v=3A9CyRPBgz8&amp;feature=youtu.be\" rel=\"prettyPhoto[galeria]\" title=\"Merienda\">\n              <img decoding=\"async\" class=\"wp-post-image\" src=\"https:\/\/escolania.digitalofthings.dev\/wp-content\/uploads\/2020\/01\/berenar.jpg\" \/>\n            <\/a>\n            <p class=\"image-title\">Merienda<\/p>\n                      <\/article>\n                  <article class=\"item entry\">\n                        <a class=\"video\" href=\"https:\/\/www.youtube.com\/watch?v=3hLM-8YXDKQ&amp;feature=youtu.be\" rel=\"prettyPhoto[galeria]\" title=\"Piscina\">\n              <img decoding=\"async\" class=\"wp-post-image\" src=\"https:\/\/escolania.digitalofthings.dev\/wp-content\/uploads\/2020\/01\/piscina.jpg\" \/>\n            <\/a>\n            <p class=\"image-title\">Piscina<\/p>\n                      <\/article>\n              <\/div>\n      <!-- end gallery content -->\n  <\/div>\n<\/div>\n<!-- end SECTION -->\n\n<script type=\"text\/javascript\">\njQuery(document).ready(function ($) {\n\n  var owlG = $(\"#galeria-block_0524b6e9c45790998cc8ab3d958a6ca1\");\n  \/\/ alert(\"window is loaded\");\n  owlG.owlCarousel({\n    center:false,\n    autoplay:false,\n\t\tresponsiveClass:true,\n     margin:20,\n    responsive:{\n        0:{\n            items:1,\n            nav:true\n        },\n\n        400:{\n            items:2,\n            nav:true\n        },\n\n\n        750:{\n            items:4,\n            nav:true\n        },\n        1000:{\n            items:6,\n            nav:true\n        },\n    },\n    navText: ['<span class=\"photo-icons icon-prev\"><\/span>','<span class=\"photo-icons icon-next\"><\/span>'],\n  });\n  owlG.on('mousewheel', '.owl-stage', function (e) {\n    if (e.deltaY>0) {\n        owlG.trigger('next.owl');\n    } else {\n        owlG.trigger('prev.owl');\n    }\n    e.preventDefault();\n  });\n});\n<\/script>\n<\/section>\n","protected":false},"excerpt":{"rendered":"","protected":false},"author":1,"featured_media":0,"parent":0,"menu_order":29,"comment_status":"closed","ping_status":"closed","template":"page-residencia.php","meta":[],"acf":[],"yoast_head":"<!-- This site is optimized with the Yoast SEO plugin v21.1 - https:\/\/yoast.com\/wordpress\/plugins\/seo\/ -->\n<title>La Residencia - Escolania de Montserrat<\/title>\n<meta name=\"robots\" content=\"index, follow, max-snippet:-1, max-image-preview:large, max-video-preview:-1\" \/>\n<link rel=\"canonical\" href=\"https:\/\/escolania.digitalofthings.dev\/es\/residencia\/\" \/>\n<script type=\"application\/ld+json\" class=\"yoast-schema-graph\">{\"@context\":\"https:\/\/schema.org\",\"@graph\":[{\"@type\":\"WebPage\",\"@id\":\"https:\/\/escolania.digitalofthings.dev\/es\/residencia\/\",\"url\":\"https:\/\/escolania.digitalofthings.dev\/es\/residencia\/\",\"name\":\"La Residencia - Escolania de Montserrat\",\"isPartOf\":{\"@id\":\"https:\/\/escolania.digitalofthings.dev\/es\/#website\"},\"datePublished\":\"2019-11-04T13:03:36+00:00\",\"dateModified\":\"2024-05-30T09:04:38+00:00\",\"breadcrumb\":{\"@id\":\"https:\/\/escolania.digitalofthings.dev\/es\/residencia\/#breadcrumb\"},\"inLanguage\":\"es\",\"potentialAction\":[{\"@type\":\"ReadAction\",\"target\":[\"https:\/\/escolania.digitalofthings.dev\/es\/residencia\/\"]}]},{\"@type\":\"BreadcrumbList\",\"@id\":\"https:\/\/escolania.digitalofthings.dev\/es\/residencia\/#breadcrumb\",\"itemListElement\":[{\"@type\":\"ListItem\",\"position\":1,\"name\":\"Inici\",\"item\":\"https:\/\/escolania.digitalofthings.dev\/es\/\"},{\"@type\":\"ListItem\",\"position\":2,\"name\":\"La Residencia\"}]},{\"@type\":\"WebSite\",\"@id\":\"https:\/\/escolania.digitalofthings.dev\/es\/#website\",\"url\":\"https:\/\/escolania.digitalofthings.dev\/es\/\",\"name\":\"Escolania de Montserrat\",\"description\":\"Escolania de Montserrat\",\"publisher\":{\"@id\":\"https:\/\/escolania.digitalofthings.dev\/es\/#organization\"},\"potentialAction\":[{\"@type\":\"SearchAction\",\"target\":{\"@type\":\"EntryPoint\",\"urlTemplate\":\"https:\/\/escolania.digitalofthings.dev\/es\/?s={search_term_string}\"},\"query-input\":\"required name=search_term_string\"}],\"inLanguage\":\"es\"},{\"@type\":\"Organization\",\"@id\":\"https:\/\/escolania.digitalofthings.dev\/es\/#organization\",\"name\":\"Escolania de Montserrat\",\"url\":\"https:\/\/escolania.digitalofthings.dev\/es\/\",\"logo\":{\"@type\":\"ImageObject\",\"inLanguage\":\"es\",\"@id\":\"https:\/\/escolania.digitalofthings.dev\/es\/#\/schema\/logo\/image\/\",\"url\":\"https:\/\/www.escolania.cat\/wp-content\/uploads\/2019\/11\/logo-escolania.svg\",\"contentUrl\":\"https:\/\/www.escolania.cat\/wp-content\/uploads\/2019\/11\/logo-escolania.svg\",\"width\":546,\"height\":112,\"caption\":\"Escolania de Montserrat\"},\"image\":{\"@id\":\"https:\/\/escolania.digitalofthings.dev\/es\/#\/schema\/logo\/image\/\"},\"sameAs\":[\"https:\/\/www.facebook.com\/EscolaniaMont\/\",\"https:\/\/twitter.com\/EscolaniaMont\",\"https:\/\/www.instagram.com\/escolania_montserrat\/\",\"https:\/\/www.youtube.com\/user\/EscolaniaMontserrat\",\"https:\/\/es.wikipedia.org\/wiki\/Escolan\u00eda_de_Montserrat\"]}]}<\/script>\n<!-- \/ Yoast SEO plugin. -->","yoast_head_json":{"title":"La Residencia - Escolania de Montserrat","robots":{"index":"index","follow":"follow","max-snippet":"max-snippet:-1","max-image-preview":"max-image-preview:large","max-video-preview":"max-video-preview:-1"},"canonical":"https:\/\/escolania.digitalofthings.dev\/es\/residencia\/","schema":{"@context":"https:\/\/schema.org","@graph":[{"@type":"WebPage","@id":"https:\/\/escolania.digitalofthings.dev\/es\/residencia\/","url":"https:\/\/escolania.digitalofthings.dev\/es\/residencia\/","name":"La Residencia - Escolania de Montserrat","isPartOf":{"@id":"https:\/\/escolania.digitalofthings.dev\/es\/#website"},"datePublished":"2019-11-04T13:03:36+00:00","dateModified":"2024-05-30T09:04:38+00:00","breadcrumb":{"@id":"https:\/\/escolania.digitalofthings.dev\/es\/residencia\/#breadcrumb"},"inLanguage":"es","potentialAction":[{"@type":"ReadAction","target":["https:\/\/escolania.digitalofthings.dev\/es\/residencia\/"]}]},{"@type":"BreadcrumbList","@id":"https:\/\/escolania.digitalofthings.dev\/es\/residencia\/#breadcrumb","itemListElement":[{"@type":"ListItem","position":1,"name":"Inici","item":"https:\/\/escolania.digitalofthings.dev\/es\/"},{"@type":"ListItem","position":2,"name":"La Residencia"}]},{"@type":"WebSite","@id":"https:\/\/escolania.digitalofthings.dev\/es\/#website","url":"https:\/\/escolania.digitalofthings.dev\/es\/","name":"Escolania de Montserrat","description":"Escolania de Montserrat","publisher":{"@id":"https:\/\/escolania.digitalofthings.dev\/es\/#organization"},"potentialAction":[{"@type":"SearchAction","target":{"@type":"EntryPoint","urlTemplate":"https:\/\/escolania.digitalofthings.dev\/es\/?s={search_term_string}"},"query-input":"required name=search_term_string"}],"inLanguage":"es"},{"@type":"Organization","@id":"https:\/\/escolania.digitalofthings.dev\/es\/#organization","name":"Escolania de Montserrat","url":"https:\/\/escolania.digitalofthings.dev\/es\/","logo":{"@type":"ImageObject","inLanguage":"es","@id":"https:\/\/escolania.digitalofthings.dev\/es\/#\/schema\/logo\/image\/","url":"https:\/\/www.escolania.cat\/wp-content\/uploads\/2019\/11\/logo-escolania.svg","contentUrl":"https:\/\/www.escolania.cat\/wp-content\/uploads\/2019\/11\/logo-escolania.svg","width":546,"height":112,"caption":"Escolania de Montserrat"},"image":{"@id":"https:\/\/escolania.digitalofthings.dev\/es\/#\/schema\/logo\/image\/"},"sameAs":["https:\/\/www.facebook.com\/EscolaniaMont\/","https:\/\/twitter.com\/EscolaniaMont","https:\/\/www.instagram.com\/escolania_montserrat\/","https:\/\/www.youtube.com\/user\/EscolaniaMontserrat","https:\/\/es.wikipedia.org\/wiki\/Escolan\u00eda_de_Montserrat"]}]}},"_links":{"self":[{"href":"https:\/\/escolania.digitalofthings.dev\/es\/wp-json\/wp\/v2\/pages\/2914"}],"collection":[{"href":"https:\/\/escolania.digitalofthings.dev\/es\/wp-json\/wp\/v2\/pages"}],"about":[{"href":"https:\/\/escolania.digitalofthings.dev\/es\/wp-json\/wp\/v2\/types\/page"}],"author":[{"embeddable":true,"href":"https:\/\/escolania.digitalofthings.dev\/es\/wp-json\/wp\/v2\/users\/1"}],"replies":[{"embeddable":true,"href":"https:\/\/escolania.digitalofthings.dev\/es\/wp-json\/wp\/v2\/comments?post=2914"}],"version-history":[{"count":58,"href":"https:\/\/escolania.digitalofthings.dev\/es\/wp-json\/wp\/v2\/pages\/2914\/revisions"}],"predecessor-version":[{"id":8427,"href":"https:\/\/escolania.digitalofthings.dev\/es\/wp-json\/wp\/v2\/pages\/2914\/revisions\/8427"}],"wp:attachment":[{"href":"https:\/\/escolania.digitalofthings.dev\/es\/wp-json\/wp\/v2\/media?parent=2914"}],"curies":[{"name":"wp","href":"https:\/\/api.w.org\/{rel}","templated":true}]}}