{"id":3152,"date":"2019-11-04T14:03:19","date_gmt":"2019-11-04T13:03:19","guid":{"rendered":"https:\/\/www.escolania.cat\/escola\/"},"modified":"2024-05-30T10:38:05","modified_gmt":"2024-05-30T08:38:05","slug":"escola","status":"publish","type":"page","link":"https:\/\/escolania.digitalofthings.dev\/es\/escola\/","title":{"rendered":"La Escuela"},"content":{"rendered":"\n<div class=\"section\">\n  <span class=\"anchor\" id=\"centre-integrat\">&nbsp;<\/span>\n  <section id=\"seccio-simple-block_f38f23539d92bde81ed6fbd6e088da47\" class=\"seccio seccio-simple alignfull esquerra\">\n          <header class=\"block section-header\">\n        <h2 class=\"section-title\">Centro Integrado<\/h2>      <\/header>\n              <div class=\"block wp-block-text\"><p>Desde el a\u00f1o 2001 la Generalitat de Catalunya ha reconocido la labor de formaci\u00f3n integral que lleva a cabo la Escolan\u00eda desde hace siglos y la ha considerado como Centro docente privado (no concertado) de ense\u00f1anzas b\u00e1sicas y art\u00edsticas, con el apoyo del Departament d&#8217;Educaci\u00f3 de la Generalitat de Catalunya que cubre un porcentaje de los gastos.<\/p>\n<p>La consideraci\u00f3n de centro integrado facilita a nuestros alumnos compaginar a la vez los estudios generales obligatorios y los musicales con su participaci\u00f3n en el Coro.<\/p>\n<p>Al finalizar su estancia en la Escolan\u00eda pueden continuar su formaci\u00f3n musical en cualquier Conservatorio o Escuela de M\u00fasica.<\/p>\n<\/div>\n              <div class=\"block wp-block-image\"><div class=\"image\" style='background-image:url(\"https:\/\/escolania.digitalofthings.dev\/wp-content\/uploads\/2024\/05\/10.png\");'><\/div><\/div>\n    <\/section>\n<\/div>\n\n\n\n<div id=\"pla-estudis\" class=\"section\">\n  <span class=\"anchor\" id=\"pla-estudis\">&nbsp;<\/span>\n  <section id=\"seccio-simple-llargablock_6700551e4fefbbc0247449d8c2a61a2b\" class=\"seccio seccio-simple-llarga alignfull\">\n          <header class=\"block section-header\">\n        <h2 class=\"section-title\">Plan de estudios<\/h2>      <\/header>\n              <div class=\"block wp-block-text\"><p>Por lo que se refiere a los estudios generales, durante su estancia en la Escolan\u00eda los chicos reciben los estudios correspondientes a los cursos de 4\u00ba, 5\u00ba y 6\u00ba de Primaria, y 1\u00ba y 2\u00ba de Secundaria (ESO). Y por lo que se refiere a los estudios musicales, se pueden hacer todos los cursos del Grado Elemental, y el 1\u00ba y 2\u00ba del Grado Profesional.<\/p>\n<table style=\"border-collapse: collapse; width: 100%; height: 96px;\">\n<tbody>\n<tr style=\"height: 24px;\">\n<td style=\"width: 33.3333%; height: 24px;\">EDAD<\/td>\n<td style=\"width: 33.3333%; height: 24px;\">ESTUDIOS GENERALES<\/td>\n<td style=\"width: 33.3333%; height: 24px;\">ESTUDIOS MUSICALES<\/td>\n<\/tr>\n<tr style=\"height: 24px;\">\n<td style=\"width: 33.3333%; height: 24px;\">De 9 a 10 a\u00f1os<\/td>\n<td style=\"width: 33.3333%; height: 24px;\">4t (2\u00ba curso de ciclo medio de primaria)<\/td>\n<td style=\"width: 33.3333%; height: 24px;\">1\u00ba y\/o 2\u00ba de Grado Elemental<\/td>\n<\/tr>\n<tr style=\"height: 24px;\">\n<td style=\"width: 33.3333%; height: 24px;\">De 10 a 12 a\u00f1os<\/td>\n<td style=\"width: 33.3333%; height: 24px;\">5\u00ba y 6\u00ba (Ciclo superior de primaria)<\/td>\n<td style=\"width: 33.3333%; height: 24px;\">3\u00ba y 4\u00ba de Grado Elemental<\/td>\n<\/tr>\n<tr style=\"height: 24px;\">\n<td style=\"width: 33.3333%; height: 24px;\">De 12 a 14 a\u00f1os<\/td>\n<td style=\"width: 33.3333%; height: 24px;\">1\u00ba y 2\u00ba de ESO<\/td>\n<td style=\"width: 33.3333%; height: 24px;\">1\u00ba y 2\u00ba de Grado Profesional<\/td>\n<\/tr>\n<\/tbody>\n<\/table>\n<\/div>\n              <div class=\"block wp-block-image\"><div class=\"image\" style='background-image:url(\"https:\/\/escolania.digitalofthings.dev\/wp-content\/uploads\/2023\/09\/221018-ESCOLANIA-Baixa-003.jpg\");'><\/div><\/div>\n              <div class=\"block wp-block-image\"><div class=\"image\" style='background-image:url(\"https:\/\/escolania.digitalofthings.dev\/wp-content\/uploads\/2024\/05\/11.png\");'><\/div><\/div>\n              <div class=\"block wp-block-text\"><h2 class=\"parraf-title\">Estudios generales<\/h2>\n<p>Gracias a que las clases tienen un n\u00famero muy reducido de alumnos (alrededor de diez), los profesores pueden hacer un seguimiento muy personalizado de cada chico. Esto les permite combinar diferentes m\u00e9todos para ayudarlos a adquirir las competencias correspondientes a su edad, y que puedan continuar sus estudios sin problema alguno vayan donde vayan despu\u00e9s de cursar sus estudios en la Escolan\u00eda. La Escuela tambi\u00e9n potencia mucho el estudio de la lengua inglesa, el uso de las tecnolog\u00edas digitales como un complemento a la educaci\u00f3n, y tambi\u00e9n la participaci\u00f3n en muchos proyectos que se realizan tanto en la misma Escolan\u00eda como de forma telem\u00e1tica.<\/p>\n<h2 class=\"parraf-title\">Estudios musicales<\/h2>\n<p>En la Escolan\u00eda, debido a que la m\u00fasica no s\u00f3lo se estudia desde un punto de vista te\u00f3rico o t\u00e9cnico sino que es una necesidad diaria, hace que los estudios musicales sean eminentemente pr\u00e1cticos, y que ganen en calidad. Adem\u00e1s del estudio del lenguaje musical, la voz y el canto coral que son necesarios para llevar a cabo la actividad del Coro, cada escolano estudia un instrumento de la orquestra adem\u00e1s del piano. Tambi\u00e9n velamos por la formaci\u00f3n de la pr\u00e1ctica instrumental conjunta (conjunto instrumental, orquestra, y en algunos casos m\u00fasica de c\u00e1mara). Algunos alumnos, m\u00e1s avanzados en el estudio del instrumento, tienen la posibilidad de formarse tambi\u00e9n en el estudio del \u00f3rgano.<\/p>\n<\/div>\n              <div class=\"block wp-block-image\"><div class=\"image\" style='background-image:url(\"https:\/\/escolania.digitalofthings.dev\/wp-content\/uploads\/2023\/09\/221018-ESCOLANIA-Baixa-044.jpg\");'><\/div><\/div>\n              <div class=\"block wp-block-text\"><h2 class=\"parraf-title\">Prueba de acceso al Grado Profesional<\/h2>\n<p>Al final del Grado Elemental de m\u00fasica (correspondiente al curso de 6\u00ba de primaria), los chicos realizan la prueba de acceso al Grado Profesional, junto con los otros chicos de su edad que quieren seguir unos estudios musicales reglados. La diferencia con las otras escuelas de m\u00fasica y conservatorios es que aqu\u00ed pueden realizar los dos primeros cursos del Grado Profesional en el mismo centro.<\/p>\n<h2 class=\"parraf-title\">Curr\u00edculum musical<\/h2>\n<p><strong>Grado elemental (No reglado):<\/strong><br \/>\nLenguaje musical<br \/>\nInstrumento<br \/>\nPiano (s\u00f3lo en 5\u00ba y 6\u00ba de Primaria)<br \/>\nCanto Coral: Ensayo, Repertorio, T\u00e9cnica vocal<br \/>\nGrupo instrumental<\/p>\n<p><strong>Grado Profesional (Reglado):<\/strong><br \/>\nLenguaje musical-armon\u00eda<br \/>\nInstrumento<br \/>\nPiano<br \/>\nCanto coral: Ensayo, Repertorio, T\u00e9cnica vocal<br \/>\nOrquestra<br \/>\nM\u00fasica de c\u00e1mara<\/p>\n<h2 class=\"parraf-title\">Instrumentos que se pueden estudiar en La Escolania:<\/h2>\n<p><strong>Cuerda:<\/strong> Viol\u00edn, Viola, Violonchelo y Contrabajo<br \/>\n<strong>Viento metal:<\/strong> Trompa, Trompeta y Tromb\u00f3n<br \/>\n<strong>Viento madera:<\/strong> Flauta travesera, Oboe, Fagot y Clarinete<br \/>\nPiano y \u00f3rgano<\/p>\n<\/div>\n    <\/section>\n<\/div>\n\n\n\n<div class=\"section\">\n  <span class=\"anchor\" id=\"documents\">&nbsp;<\/span>\n  <section id=\"seccio-simple-block_70bad0d629bea923f840e25acd0894e7\" class=\"seccio seccio-simple alignfull dreta\">\n          <header class=\"block section-header\">\n        <h2 class=\"section-title\">Documentos del centro<\/h2>      <\/header>\n              <div class=\"block wp-block-text\"><p><a href=\"https:\/\/www.escolania.cat\/wp-content\/uploads\/2021\/10\/2021-22-ProjecteEducatiuCentre.pdf\">Aqu\u00ed puedes leer nuestro proyecto educativo<\/a> (Catal\u00e0) y nuestras <a href=\"https:\/\/www.escolania.cat\/wp-content\/uploads\/2022\/02\/NOFC-01.11.2021.pdf\">normas de organizaci\u00f3n y funcionamiento (NOFC)<\/a><\/p>\n<\/div>\n        <\/section>\n<\/div>\n\n\n\n<div class=\"section\">\n  <span class=\"anchor\" id=\"blog\">&nbsp;<\/span>\n  <section id=\"seccio-simple-block_79a758b7dbd99dd359eb8a4478336a97\" class=\"seccio seccio-simple blau alignfull dreta\">\n          <header class=\"block section-header\">\n        <h2 class=\"section-title\">El Blog 100peus<\/h2>      <\/header>\n              <div class=\"block wp-block-text\"><p>Como una actividad del \u00e1rea de Catal\u00e1n, <strong>los alumnos escriben peri\u00f3dicamente el blog 100peus. El nombre es heredero de la antigua revista de la escolan\u00eda \u00abCienpi\u00e9s\u00bb<\/strong>, que se cre\u00f3 en una \u00e9poca en que los alumnos pasaron a ser cincuenta (50 alumnos son 100 pies!). La mayor\u00eda de entradas son como una cr\u00f3nica de la Escolan\u00eda vivida en primera persona, pero tambi\u00e9n se pueden encontrar otras propuestas que siempre son una lectura amena Os invitamos a visitarlo <a href=\"http:\/\/100peus.blogspot.com\/\">aqu\u00ed<\/a><\/p>\n<p>&nbsp;<\/p>\n<\/div>\n        <\/section>\n<\/div>\n\n\n\n<div class=\"section\">\n  <span class=\"anchor\" id=\"projecte-telematic\">&nbsp;<\/span>\n  <section id=\"seccio-simple-block_bfbbc92eb437be72803abd2206144952\" class=\"seccio seccio-simple alignfull dreta\">\n          <header class=\"block section-header\">\n        <h2 class=\"section-title\">Proyecto telem\u00e1tico \u00abnuestro Montserrat\u00bb<\/h2>      <\/header>\n              <div class=\"block wp-block-text\"><p><strong>A trav\u00e9s de este proyecto los alumnos trabajan conjuntamente con ni\u00f1os y ni\u00f1as de otras escuelas de Catalu\u00f1a<\/strong>, con quien tienen un contacto a trav\u00e9s de Internet. A comienzo del curso los alumnos que participan visitan las escuelas participantes, y al final del curso todos los participantes nos devuelven la visita a Montserrat. Trabajan aspectos diversos que van desde la monta\u00f1a de Montserrat hasta la m\u00fasica que se realiza, haciendo uso de las nuevas tecnolog\u00edas de la comunicaci\u00f3n.<\/p>\n<p><a href=\"http:\/\/www.escolacristiana.org\/tic\/Info%201415%20Montserrat.pdf\">+INFORMACI\u00d3N<\/a><\/p>\n<\/div>\n        <\/section>\n<\/div>\n\n\n\n<div class=\"section\">\n  <span class=\"anchor\" id=\"faq\">&nbsp;<\/span>\n  <section id=\"seccio-simple-block_bcb5c007cb11cdfb04a449e57c615ad1\" class=\"seccio seccio-simple alignfull esquerra\">\n          <header class=\"block section-header\">\n        <h2 class=\"section-title\">\u00bfQue quieres saber?<\/h2>      <\/header>\n              <div class=\"block wp-block-text\"><p><strong>\u00bfC\u00f3mo se puede entrar en la Escolan\u00eda?<\/strong><br \/>\n<a href=\"https:\/\/www.escolania.cat\/es\/escolania\/#canta-nosaltres\">Aqu\u00ed tienes la respuesta<\/a><\/p>\n<p><strong>\u00bfC\u00f3mo es el d\u00eda a d\u00eda de un escolano?<\/strong><br \/>\nLos escolanos empiezan las clases a las 9:15, hecho que les permite llegar con el primer Cremallera. A las 13:00 cantan la salve de lunes a viernes y despu\u00e9s van a comer y tienen un rato de descanso. Por la tarde, las clases vuelven a empezar a las 14:30, y a las 16:00 meriendan. Despu\u00e9s de una rato m\u00e1s de clases y ensayo, vuelven a cantar a las 19:15. Y despu\u00e9s pueden ir a casa a dormir o bien quedarse a cenar y, despu\u00e9s de un rato de recreo, ir a dormir. Los escolanos de 4\u00ba, por las tardes, terminan la actividad lectiva a las 17:45.<\/p>\n<p><strong>\u00bfQu\u00e9 estudian?<\/strong><br \/>\nLos escolanos en Montserrat estudian lo mismo que los chicos de su edad. Pero, adem\u00e1s, practican mucha m\u00fasica: tocan dos instrumentos cada uno (el piano y otro instrumento de la orquestra), hacen lenguaje musical, canto coral, clase de orquest<\/p>\n<p><strong>\u00bfC\u00f3mo es la Escolan\u00eda por dentro?<\/strong><br \/>\nAqu\u00ed puedes ver alguno de los espacios de la Escolan\u00eda en el v\u00eddeo del D\u00eda de Puertas Abiertas.<\/p>\n<p><strong>\u00bfCu\u00e1nto dura su estancia?<\/strong><br \/>\nLa mayor\u00eda de chicos entran en 4\u00ba de Primaria, y alguno en 5\u00ba. La estancia en la Escolan\u00eda termina en 1\u00ba o 2\u00ba de ESO, en funci\u00f3n de la evoluci\u00f3n de su voz.<\/p>\n<p><strong>\u00bfC\u00f3mo es la semana de un escolano?<\/strong><br \/>\nEl horario que has le\u00eddo m\u00e1s arriba es que hacemos de lunes a jueves. Los viernes todos los escolanos regresen a su casa a las 17:30, y permanecen en ella hasta el domingo a las 10:00. Los domingos son un d\u00eda especial: cantan a las 11:00 (Misa Conventual) y a las 18:45 (V\u00edsperas), y el tiempo libre entre las dos celebraciones lit\u00fargicas es un tiempo de convivencia para las familias. La mayor\u00eda de ellas lo pasan en Montserrat (aunque los que viven cerca pueden ir a comer a casa). A veces, tambi\u00e9n, se organizan actividades en esta franja temporal. Cabe decir que los domingos normalmente no vienen todos los escolanos, sino que se organizan turnos para que todos puedan tener algunos domingos libres, aparte de los que ya tienen durante las vacaciones (dos semanas en Navidad, la semana despu\u00e9s de Semana Santa y unas ocho semanas en verano).<\/p>\n<p><strong>\u00bfC\u00f3mo son los escolanos?<\/strong><br \/>\nLos escolanos son chicos absolutamente normales: juegan, r\u00eden, lloran, se ilusionan, se enfadan, algunos son m\u00e1s movidos, otros m\u00e1s tranquilos, algunos son m\u00e1s traviesos, otros no tanto\u2026 Es cierto que en la Escolan\u00eda se dan algunas caracter\u00edsticas que quiz\u00e1s no son muy habituales en los chicos de esta edad: el inter\u00e9s por la m\u00fasica cl\u00e1sica, el gusto de muchos por la lectura, su valent\u00eda para actuar en p\u00fablico frente a muchas personas, la manera como atienden a los medios de comunicaci\u00f3n\u2026 Y en un aspecto son excepcionales: cuando cantan, llegan al coraz\u00f3n de las personas, y gente de todo el mundo se emocionan al escucharlos.<\/p>\n<p><strong>\u00bfDe d\u00f3nde vienen?<\/strong><br \/>\nLos escolanos vienen de toda Catalunya. Ocasionalmente, ha habido chicos de otras zonas catalanohablantes.<\/p>\n<p><strong>\u00bfQui\u00e9n paga la Escolan\u00eda?<\/strong><br \/>\nLos padres de los escolanos pagan un 20% de la estancia de su hijo en Montserrat. El Departamento de Educaci\u00f3n paga una parte de la escuela. A trav\u00e9s de la Fundaci\u00f3n Abad\u00eda de Montserrat 2025, hay algunas ayudas de sponsors. El resto de gastos, que son la mayor parte, los asume la Abad\u00eda de Montserrat. Ahora bien, ning\u00fan chico se queda sin acceder a la Escolan\u00eda por un tema econ\u00f3mico: lo importante es tener una buena voz y unas buenas aptitudes para la m\u00fasica.<\/p>\n<p><strong>Ventajas para las familias<\/strong><br \/>\nCada domingo, las familias disponen de una plaza de aparcamiento, de un espacio para comer, y varios descuentos en los servicios del Santuario. Pero algo muy valioso que viven las familias en Montserrat es la convivencia con los otros padres y hermanos, y con todos los que forman parte de Montserrat.<\/p>\n<p><strong>Documentos del centro<\/strong><br \/>\n<a href=\"https:\/\/www.escolania.cat\/wp-content\/uploads\/2020\/06\/2019-20_Projecte_Educatiu-Escolania_Montserrat.pdf\">Aqu\u00ed puedes leer nuestro proyecto educativo<\/a> (Catal\u00e0) y nuestras <a href=\"#\">normas de organizaci\u00f3n y funcionamiento (NOFC)<\/a><\/p>\n<\/div>\n              <div class=\"block wp-block-image\"><div class=\"image\" style='background-image:url(\"https:\/\/escolania.digitalofthings.dev\/wp-content\/uploads\/2023\/11\/230919-ESCOLANIA-Alta-110.jpg\");'><\/div><\/div>\n    <\/section>\n<\/div>\n\n\n\n<div class=\"section\">\n<span class=\"anchor\" id=\"multimedia\">&nbsp;<\/span>\n<section class=\"galeria alignfull seccio\">\n      <header class=\"section-header\">\n      <h2 class=\"section-title\">Galer\u00eda multimedia<\/h2>    <\/header>\n  \n  <div class=\"galeria-content\">\n          <div id=\"galeria-block_7861e5b62ea32262bbd3c5d0eb8cf4c2\" class=\"gallery-content llista-galeria owl-gallery owl-carousel owl-theme\">\n                  <article class=\"item entry\">\n                        <a class=\"video\" href=\"https:\/\/youtu.be\/_DONPDLx13Y\" rel=\"prettyPhoto[galeria]\" title=\"Polideportivo\">\n              <img decoding=\"async\" class=\"wp-post-image\" src=\"https:\/\/escolania.digitalofthings.dev\/wp-content\/uploads\/2020\/01\/video-1.png\" \/>\n            <\/a>\n            <p class=\"image-title\">Polideportivo<\/p>\n                      <\/article>\n                  <article class=\"item entry\">\n                        <a class=\"video\" href=\"https:\/\/youtu.be\/WwR4Yw8jWHA\" rel=\"prettyPhoto[galeria]\" title=\"Clases\">\n              <img decoding=\"async\" class=\"wp-post-image\" src=\"https:\/\/escolania.digitalofthings.dev\/wp-content\/uploads\/2020\/01\/video-2.jpg\" \/>\n            <\/a>\n            <p class=\"image-title\">Clases<\/p>\n                      <\/article>\n                  <article class=\"item entry\">\n                        <a class=\"video\" href=\"https:\/\/youtu.be\/wocw3xA4dX4\" rel=\"prettyPhoto[galeria]\" title=\"Instrumentos\">\n              <img decoding=\"async\" class=\"wp-post-image\" src=\"https:\/\/escolania.digitalofthings.dev\/wp-content\/uploads\/2020\/01\/video-3.jpg\" \/>\n            <\/a>\n            <p class=\"image-title\">Instrumentos<\/p>\n                      <\/article>\n                  <article class=\"item entry\">\n                        <a class=\"video\" href=\"https:\/\/youtu.be\/KLByAQBouEQ\" rel=\"prettyPhoto[galeria]\" title=\"Laboratorio\">\n              <img decoding=\"async\" class=\"wp-post-image\" src=\"https:\/\/escolania.digitalofthings.dev\/wp-content\/uploads\/2020\/01\/video-4.jpg\" \/>\n            <\/a>\n            <p class=\"image-title\">Laboratorio<\/p>\n                      <\/article>\n              <\/div>\n      <!-- end gallery content -->\n  <\/div>\n<\/div>\n<!-- end SECTION -->\n\n<script type=\"text\/javascript\">\njQuery(document).ready(function ($) {\n\n  var owlG = $(\"#galeria-block_7861e5b62ea32262bbd3c5d0eb8cf4c2\");\n  \/\/ alert(\"window is loaded\");\n  owlG.owlCarousel({\n    center:false,\n    autoplay:false,\n\t\tresponsiveClass:true,\n     margin:20,\n    responsive:{\n        0:{\n            items:1,\n            nav:true\n        },\n\n        400:{\n            items:2,\n            nav:true\n        },\n\n\n        750:{\n            items:4,\n            nav:true\n        },\n        1000:{\n            items:6,\n            nav:true\n        },\n    },\n    navText: ['<span class=\"photo-icons icon-prev\"><\/span>','<span class=\"photo-icons icon-next\"><\/span>'],\n  });\n  owlG.on('mousewheel', '.owl-stage', function (e) {\n    if (e.deltaY>0) {\n        owlG.trigger('next.owl');\n    } else {\n        owlG.trigger('prev.owl');\n    }\n    e.preventDefault();\n  });\n});\n<\/script>\n<\/section>\n\n\n\n<p><\/p>\n","protected":false},"excerpt":{"rendered":"","protected":false},"author":1,"featured_media":0,"parent":0,"menu_order":25,"comment_status":"closed","ping_status":"closed","template":"page-escola.php","meta":[],"acf":[],"yoast_head":"<!-- This site is optimized with the Yoast SEO plugin v21.1 - https:\/\/yoast.com\/wordpress\/plugins\/seo\/ -->\n<title>La Escuela - Escolania de Montserrat<\/title>\n<meta name=\"robots\" content=\"index, follow, max-snippet:-1, max-image-preview:large, max-video-preview:-1\" \/>\n<link rel=\"canonical\" href=\"https:\/\/escolania.digitalofthings.dev\/es\/escola\/\" \/>\n<script type=\"application\/ld+json\" class=\"yoast-schema-graph\">{\"@context\":\"https:\/\/schema.org\",\"@graph\":[{\"@type\":\"WebPage\",\"@id\":\"https:\/\/escolania.digitalofthings.dev\/es\/escola\/\",\"url\":\"https:\/\/escolania.digitalofthings.dev\/es\/escola\/\",\"name\":\"La Escuela - Escolania de Montserrat\",\"isPartOf\":{\"@id\":\"https:\/\/escolania.digitalofthings.dev\/es\/#website\"},\"datePublished\":\"2019-11-04T13:03:19+00:00\",\"dateModified\":\"2024-05-30T08:38:05+00:00\",\"breadcrumb\":{\"@id\":\"https:\/\/escolania.digitalofthings.dev\/es\/escola\/#breadcrumb\"},\"inLanguage\":\"es\",\"potentialAction\":[{\"@type\":\"ReadAction\",\"target\":[\"https:\/\/escolania.digitalofthings.dev\/es\/escola\/\"]}]},{\"@type\":\"BreadcrumbList\",\"@id\":\"https:\/\/escolania.digitalofthings.dev\/es\/escola\/#breadcrumb\",\"itemListElement\":[{\"@type\":\"ListItem\",\"position\":1,\"name\":\"Inici\",\"item\":\"https:\/\/escolania.digitalofthings.dev\/es\/\"},{\"@type\":\"ListItem\",\"position\":2,\"name\":\"La Escuela\"}]},{\"@type\":\"WebSite\",\"@id\":\"https:\/\/escolania.digitalofthings.dev\/es\/#website\",\"url\":\"https:\/\/escolania.digitalofthings.dev\/es\/\",\"name\":\"Escolania de Montserrat\",\"description\":\"Escolania de Montserrat\",\"publisher\":{\"@id\":\"https:\/\/escolania.digitalofthings.dev\/es\/#organization\"},\"potentialAction\":[{\"@type\":\"SearchAction\",\"target\":{\"@type\":\"EntryPoint\",\"urlTemplate\":\"https:\/\/escolania.digitalofthings.dev\/es\/?s={search_term_string}\"},\"query-input\":\"required name=search_term_string\"}],\"inLanguage\":\"es\"},{\"@type\":\"Organization\",\"@id\":\"https:\/\/escolania.digitalofthings.dev\/es\/#organization\",\"name\":\"Escolania de Montserrat\",\"url\":\"https:\/\/escolania.digitalofthings.dev\/es\/\",\"logo\":{\"@type\":\"ImageObject\",\"inLanguage\":\"es\",\"@id\":\"https:\/\/escolania.digitalofthings.dev\/es\/#\/schema\/logo\/image\/\",\"url\":\"https:\/\/www.escolania.cat\/wp-content\/uploads\/2019\/11\/logo-escolania.svg\",\"contentUrl\":\"https:\/\/www.escolania.cat\/wp-content\/uploads\/2019\/11\/logo-escolania.svg\",\"width\":546,\"height\":112,\"caption\":\"Escolania de Montserrat\"},\"image\":{\"@id\":\"https:\/\/escolania.digitalofthings.dev\/es\/#\/schema\/logo\/image\/\"},\"sameAs\":[\"https:\/\/www.facebook.com\/EscolaniaMont\/\",\"https:\/\/twitter.com\/EscolaniaMont\",\"https:\/\/www.instagram.com\/escolania_montserrat\/\",\"https:\/\/www.youtube.com\/user\/EscolaniaMontserrat\",\"https:\/\/es.wikipedia.org\/wiki\/Escolan\u00eda_de_Montserrat\"]}]}<\/script>\n<!-- \/ Yoast SEO plugin. -->","yoast_head_json":{"title":"La Escuela - Escolania de Montserrat","robots":{"index":"index","follow":"follow","max-snippet":"max-snippet:-1","max-image-preview":"max-image-preview:large","max-video-preview":"max-video-preview:-1"},"canonical":"https:\/\/escolania.digitalofthings.dev\/es\/escola\/","schema":{"@context":"https:\/\/schema.org","@graph":[{"@type":"WebPage","@id":"https:\/\/escolania.digitalofthings.dev\/es\/escola\/","url":"https:\/\/escolania.digitalofthings.dev\/es\/escola\/","name":"La Escuela - Escolania de Montserrat","isPartOf":{"@id":"https:\/\/escolania.digitalofthings.dev\/es\/#website"},"datePublished":"2019-11-04T13:03:19+00:00","dateModified":"2024-05-30T08:38:05+00:00","breadcrumb":{"@id":"https:\/\/escolania.digitalofthings.dev\/es\/escola\/#breadcrumb"},"inLanguage":"es","potentialAction":[{"@type":"ReadAction","target":["https:\/\/escolania.digitalofthings.dev\/es\/escola\/"]}]},{"@type":"BreadcrumbList","@id":"https:\/\/escolania.digitalofthings.dev\/es\/escola\/#breadcrumb","itemListElement":[{"@type":"ListItem","position":1,"name":"Inici","item":"https:\/\/escolania.digitalofthings.dev\/es\/"},{"@type":"ListItem","position":2,"name":"La Escuela"}]},{"@type":"WebSite","@id":"https:\/\/escolania.digitalofthings.dev\/es\/#website","url":"https:\/\/escolania.digitalofthings.dev\/es\/","name":"Escolania de Montserrat","description":"Escolania de Montserrat","publisher":{"@id":"https:\/\/escolania.digitalofthings.dev\/es\/#organization"},"potentialAction":[{"@type":"SearchAction","target":{"@type":"EntryPoint","urlTemplate":"https:\/\/escolania.digitalofthings.dev\/es\/?s={search_term_string}"},"query-input":"required name=search_term_string"}],"inLanguage":"es"},{"@type":"Organization","@id":"https:\/\/escolania.digitalofthings.dev\/es\/#organization","name":"Escolania de Montserrat","url":"https:\/\/escolania.digitalofthings.dev\/es\/","logo":{"@type":"ImageObject","inLanguage":"es","@id":"https:\/\/escolania.digitalofthings.dev\/es\/#\/schema\/logo\/image\/","url":"https:\/\/www.escolania.cat\/wp-content\/uploads\/2019\/11\/logo-escolania.svg","contentUrl":"https:\/\/www.escolania.cat\/wp-content\/uploads\/2019\/11\/logo-escolania.svg","width":546,"height":112,"caption":"Escolania de Montserrat"},"image":{"@id":"https:\/\/escolania.digitalofthings.dev\/es\/#\/schema\/logo\/image\/"},"sameAs":["https:\/\/www.facebook.com\/EscolaniaMont\/","https:\/\/twitter.com\/EscolaniaMont","https:\/\/www.instagram.com\/escolania_montserrat\/","https:\/\/www.youtube.com\/user\/EscolaniaMontserrat","https:\/\/es.wikipedia.org\/wiki\/Escolan\u00eda_de_Montserrat"]}]}},"_links":{"self":[{"href":"https:\/\/escolania.digitalofthings.dev\/es\/wp-json\/wp\/v2\/pages\/3152"}],"collection":[{"href":"https:\/\/escolania.digitalofthings.dev\/es\/wp-json\/wp\/v2\/pages"}],"about":[{"href":"https:\/\/escolania.digitalofthings.dev\/es\/wp-json\/wp\/v2\/types\/page"}],"author":[{"embeddable":true,"href":"https:\/\/escolania.digitalofthings.dev\/es\/wp-json\/wp\/v2\/users\/1"}],"replies":[{"embeddable":true,"href":"https:\/\/escolania.digitalofthings.dev\/es\/wp-json\/wp\/v2\/comments?post=3152"}],"version-history":[{"count":86,"href":"https:\/\/escolania.digitalofthings.dev\/es\/wp-json\/wp\/v2\/pages\/3152\/revisions"}],"predecessor-version":[{"id":8415,"href":"https:\/\/escolania.digitalofthings.dev\/es\/wp-json\/wp\/v2\/pages\/3152\/revisions\/8415"}],"wp:attachment":[{"href":"https:\/\/escolania.digitalofthings.dev\/es\/wp-json\/wp\/v2\/media?parent=3152"}],"curies":[{"name":"wp","href":"https:\/\/api.w.org\/{rel}","templated":true}]}}