{"id":8607,"date":"2024-10-10T15:24:33","date_gmt":"2024-10-10T13:24:33","guid":{"rendered":"https:\/\/www.escolania.cat\/?page_id=8607"},"modified":"2024-10-10T15:25:16","modified_gmt":"2024-10-10T13:25:16","slug":"schola-cantorum","status":"publish","type":"page","link":"https:\/\/escolania.digitalofthings.dev\/es\/schola-cantorum\/","title":{"rendered":"Schola Cantorum"},"content":{"rendered":"\n<div class=\"section\">\n  <span class=\"anchor\" id=\"director\">&nbsp;<\/span>\n  <section id=\"seccio-simple-block_21bf584e7552007cbeb365c8ee6f88f6\" class=\"seccio seccio-simple alignfull esquerra\">\n          <header class=\"block section-header\">\n        <h2 class=\"section-title\">El Director de la Schola Cantorum\r\n<\/h2>      <\/header>\n              <div class=\"block wp-block-text\"><p>Pau Jorquera (Barcelona, 1982), inici\u00f3 los estudios musicales en su ciudad natal, obtuvo el Grado en Direcci\u00f3n Coral en la Escuela Superior de M\u00fasica de Catalunya, donde trabaj\u00f3 con Johan Duijck, Josep Vila Casa\u00f1as y Mireia Barrera. Gran parte de su formaci\u00f3n musical es fruto de sus a\u00f1os de aprendizaje con los profesores Ramon Porter y Johan Duijck.<\/p>\n<p>Diplomado en Magisterio en la especialidad de Educaci\u00f3n Musical por la Universidad Aut\u00f3noma de Barcelona. Curs\u00f3, tambi\u00e9n, estudios profesionales de percusi\u00f3n con Ignasi Vila. En los \u00faltimos a\u00f1os ha trabajado con la Fundaci\u00f3n Grupo Farmac\u00e9utico Salvat como responsable del \u00e1rea de proyectos musicales, impulsando y produciendo la beca internacional para j\u00f3venes cantantes SALVAT BECA BACH, as\u00ed como distintos conciertos y festivales de m\u00fasica. Especialista en la interpretaci\u00f3n de m\u00fasica sacra y m\u00fasica antigua, es fundador y director del Bach Collegium Barcelona y cofundador del Festival Bachcelona.<\/p>\n<p>Desde el a\u00f1o 2023 compagina la direcci\u00f3n de la Schola Cantorum de la Escolan\u00eda de Montserrat con la subdirecci\u00f3n del Coro tradicional de la Escolan\u00eda de Montserrat (2014), del cual fue, tambi\u00e9n, responsable de los estudios de formaci\u00f3n musical (2018-2021).<\/p>\n<\/div>\n              <div class=\"block wp-block-image\"><div class=\"image\" style='background-image:url(\"https:\/\/escolania.digitalofthings.dev\/wp-content\/uploads\/2024\/10\/pau-jorquera-e1728555587552.jpg\");'><\/div><\/div>\n    <\/section>\n<\/div>\n\n\n\n<div class=\"section\">\n  <span class=\"anchor\" id=\"schola-cantorum\">&nbsp;<\/span>\n  <section id=\"seccio-simple-block_b5b165e117d4c27bb7f9cdde4826bdab\" class=\"seccio seccio-simple alignfull dreta\">\n          <header class=\"block section-header\">\n        <h2 class=\"section-title\">La Schola Cantorum de la Escolan\u00eda de Montserrat\r\n<\/h2>      <\/header>\n              <div class=\"block wp-block-text\"><p>La Schola Cantorum canta un fin de semana al mes en paralelo a la Escolan\u00eda tradicional: cuando la Schola Cantorum canta en Montserrat, los escolanes actuales descansan. Cuando canta, participa en los mismos actos lit\u00fargicos del Santuario, como lo hace habitualmente la Escolan\u00eda: la Salve y el Virolai el s\u00e1bado al mediod\u00eda, el oficio de V\u00edsperas el s\u00e1bado por la tarde y la Misa Conventual el domingo a las 11h.<\/p>\n<p>Las chicas y los chicos que forman la Schola Cantorum tienen la oportunidad de cantar en la liturgia de Montserrat y de formarse en aspectos relacionados con la t\u00e9cnica vocal, la vivencia espiritual, el entorno natural y la cultura mediante actividades organizadas por personas vinculadas a la Escolan\u00eda y a la Comunidad Benedictina.<\/p>\n<\/div>\n              <div class=\"block wp-block-image\"><div class=\"image\" style='background-image:url(\"https:\/\/escolania.digitalofthings.dev\/wp-content\/uploads\/2024\/10\/schola-cantorum-1.jpg\");'><\/div><\/div>\n    <\/section>\n<\/div>\n\n\n\n<div class=\"section\">\n  <span class=\"anchor\" id=\"repertorio\">&nbsp;<\/span>\n  <section id=\"seccio-simple-block_f43e08e2385f0800e197248f0903a18d\" class=\"seccio seccio-simple blau alignfull esquerra\">\n          <header class=\"block section-header\">\n        <h2 class=\"section-title\">Repertorio<\/h2>      <\/header>\n              <div class=\"block wp-block-text\"><p>El repertorio de la Schola Cantorum est\u00e1 esencialmente orientado a prestar un servicio musical en la Bas\u00edlica de Montserrat. Por ello, se centra en los siguientes tres \u00e1mbitos:<\/p>\n<ul>\n<li>Recuperaci\u00f3n del patrimonio musical de las capillas, prestando especial atenci\u00f3n a la Escuela Montserratina<\/li>\n<li>Polifon\u00eda del Renacimiento<\/li>\n<li>\u00a0M\u00fasica sacra de nueva composici\u00f3n<\/li>\n<\/ul>\n<\/div>\n        <\/section>\n<\/div>\n\n\n\n<div class=\"section\">\n  <span class=\"anchor\" id=\"forma-parte\">&nbsp;<\/span>\n  <section id=\"seccio-simple-block_3d4a7edf3a1d305010608ddf920b2b9b\" class=\"seccio seccio-simple blau alignfull dreta\">\n          <header class=\"block section-header\">\n        <h2 class=\"section-title\">\u00bfQuieres formar parte de la Schola Cantorum?\r\n<\/h2>      <\/header>\n              <div class=\"block wp-block-text\"><p>Si tienes m\u00e1s de 17 a\u00f1os y est\u00e1s cursando estudios de m\u00fasica, si estudias canto o cantas en alg\u00fan coro, si te llama la atenci\u00f3n la experiencia de M\u00fasica, Naturaleza, Espiritualidad y el compa\u00f1erismo que te ofrece la Schola Cantorum, escr\u00edbenos a escolania@escolania.cat y nos pondremos en contacto contigo para darte toda la informaci\u00f3n y resolver posibles dudas.<\/p>\n<\/div>\n        <\/section>\n<\/div>\n\n\n\n<div class=\"section\">\n  <span class=\"anchor\" id=\"faq\">&nbsp;<\/span>\n  <section id=\"seccio-simple-block_2abed88784aebf812f3fe07a83fa458a\" class=\"seccio seccio-simple alignfull dreta\">\n          <header class=\"block section-header\">\n        <h2 class=\"section-title\">\u00bfQue quieres saber?<\/h2>      <\/header>\n              <div class=\"block wp-block-text\"><p><strong>\u00bfQu\u00e9 es la Schola Cantorum?<br \/>\n<\/strong>Es un Coro joven, creado el curso 2023-24, que forma parte de la Escolan\u00eda de Montserrat<\/p>\n<p><strong>\u00bfCu\u00e1l es la funci\u00f3n de la Schola Cantorum?<\/strong><br \/>\nLa Schola Cantorum presta un servicio musical en la liturgia de la bas\u00edlica de Montserrat un fin de semana al mes. Adem\u00e1s, las chicas y chicos que lo formen tendr\u00e1n la oportunidad de cantar en la liturgia de Montserrat y de formarse en aspectos relacionados con la t\u00e9cnica vocal, la vivencia espiritual, el entorno natural y la cultura mediante actividades organizadas por personas vinculadas a la Escolan\u00eda y a la Comunidad Benedictina.<\/p>\n<p><strong>\u00bfQui\u00e9n puede formar parte de la Schola Cantorum?<\/strong><br \/>\nChicas y chicos con una edad comprendida entre los 17 y los 24 a\u00f1os, es decir, desde 1\u00ba de Bachillerato hasta la finalizaci\u00f3n de los estudios universitarios, y que cursen estudios musicales o bien que tengan un buen nivel de lectura musical y canto.<\/p>\n<p><strong>\u00bfCu\u00e1nto dura el compromiso?<\/strong><br \/>\nA los miembros del coro se les pide un compromiso de un a\u00f1o, renovable anualmente respetando los l\u00edmites de edad acordados.<\/p>\n<p><strong>\u00bfCu\u00e1ndo hay ensayos?<br \/>\n<\/strong>La Schola Cantorum s\u00f3lo ensaya los fines de semana que se encuentra en Montserrat, empezando el s\u00e1bado a las 10 de la ma\u00f1ana y hasta el domingo al mediod\u00eda. No se prev\u00e9n ensayos fuera de las fechas acordadas.<\/p>\n<p><strong>\u00bfCu\u00e1l es el horario de trabajo?<\/strong><br \/>\nDetallamos a continuaci\u00f3n el horario de trabajo planificado.<\/p>\n<p>S\u00e1bado<br \/>\n-Ma\u00f1ana: de 10.00 a 13.30 \u2013 Ensayo, Salve y Virolai<br \/>\n-Tarde: de 15.30 a 19.00 \u2013 Actividades formativas, Ensayo y V\u00edsperas<\/p>\n<p>Hay la posibilidad de dormir en Montserrat y realizar las comidas dentro de este horario.<br \/>\nDomingo<\/p>\n<p>-Ma\u00f1ana: de 9.30 a 12.30 \u2013 Ensayo, Misa Conventual, Salve y Virolai<\/p>\n<p><strong>\u00bfCu\u00e1l es el calendario previsto?<\/strong><br \/>\nEl calendario del pr\u00f3ximo curso 2024-2025 todav\u00eda no es oficial, pero lo comunicaremos pr\u00f3ximamente a todas las personas interesadas en formar parte del Coro.<\/p>\n<p><strong>\u00bfC\u00f3mo iremos vestidos?<\/strong><br \/>\nLa Schola Cantorum es un coro lit\u00fargico formado por escolanos y escolanas que, como sucede con todos los escolanos de Montserrat, ser\u00e1n vestidos como tales con la t\u00fanica y el roquete a principios de curso, y ser\u00e1n inscritos e inscritas en el libro oficial de vesticiones del Monasterio.<\/p>\n<p><strong>\u00bfCu\u00e1nto cuesta cantar en la Schola Cantorum?<\/strong><br \/>\nCantar en la Schola Cantorum es gratuito. Los cantores no pagan ninguna cuota y el Monasterio de Montserrat se hace cargo de todos los gastos de alojamiento y manutenci\u00f3n.<\/p>\n<p><strong>\u00bfQu\u00e9 debo hacer si deseo formar parte del Coro?<\/strong><br \/>\nEn primer lugar, debes escribir un correo a escolania@escolania.cat present\u00e1ndote y exponi\u00e9ndonos lo que te parezca m\u00e1s relevante. Nos pondremos en contacto contigo y te convocaremos para realizar una peque\u00f1a audici\u00f3n con el director del Coro y una entrevista con el prefecto de la Escolan\u00eda.<\/p>\n<p><strong>\u00bfCu\u00e1ndo tendr\u00e1n lugar las audiciones?<\/strong><br \/>\nLas audiciones para cantar en la temporada 2024-25 se llevaron a cabo el 13 de abril de 2024. Cada a\u00f1o se fijar\u00e1 una fecha para realizar audiciones para la siguiente temporada.<\/p>\n<p><strong>\u00bfCu\u00e1les son los requisitos para poder realizar una audici\u00f3n?<\/strong><br \/>\nLos requisitos de formaci\u00f3n son los siguientes: lectura musical, experiencia en canto coral, sensibilidad al hecho religioso cristiano. Se valorar\u00e1 positivamente, tambi\u00e9n, que se est\u00e9n cursando estudios de canto.<\/p>\n<\/div>\n              <div class=\"block wp-block-image\"><div class=\"image\" style='background-image:url(\"https:\/\/escolania.digitalofthings.dev\/wp-content\/uploads\/2023\/11\/230919-ESCOLANIA-Alta-110.jpg\");'><\/div><\/div>\n    <\/section>\n<\/div>\n\n\n\n<p><\/p>\n","protected":false},"excerpt":{"rendered":"","protected":false},"author":8,"featured_media":0,"parent":0,"menu_order":25,"comment_status":"closed","ping_status":"closed","template":"page-cantorum.php","meta":[],"acf":[],"yoast_head":"<!-- This site is optimized with the Yoast SEO plugin v21.1 - https:\/\/yoast.com\/wordpress\/plugins\/seo\/ -->\n<title>Schola Cantorum - Escolania de Montserrat<\/title>\n<meta name=\"robots\" content=\"index, follow, max-snippet:-1, max-image-preview:large, max-video-preview:-1\" \/>\n<link rel=\"canonical\" href=\"https:\/\/escolania.digitalofthings.dev\/es\/schola-cantorum\/\" \/>\n<script type=\"application\/ld+json\" class=\"yoast-schema-graph\">{\"@context\":\"https:\/\/schema.org\",\"@graph\":[{\"@type\":\"WebPage\",\"@id\":\"https:\/\/escolania.digitalofthings.dev\/es\/schola-cantorum\/\",\"url\":\"https:\/\/escolania.digitalofthings.dev\/es\/schola-cantorum\/\",\"name\":\"Schola Cantorum - Escolania de Montserrat\",\"isPartOf\":{\"@id\":\"https:\/\/escolania.digitalofthings.dev\/es\/#website\"},\"datePublished\":\"2024-10-10T13:24:33+00:00\",\"dateModified\":\"2024-10-10T13:25:16+00:00\",\"breadcrumb\":{\"@id\":\"https:\/\/escolania.digitalofthings.dev\/es\/schola-cantorum\/#breadcrumb\"},\"inLanguage\":\"es\",\"potentialAction\":[{\"@type\":\"ReadAction\",\"target\":[\"https:\/\/escolania.digitalofthings.dev\/es\/schola-cantorum\/\"]}]},{\"@type\":\"BreadcrumbList\",\"@id\":\"https:\/\/escolania.digitalofthings.dev\/es\/schola-cantorum\/#breadcrumb\",\"itemListElement\":[{\"@type\":\"ListItem\",\"position\":1,\"name\":\"Inici\",\"item\":\"https:\/\/escolania.digitalofthings.dev\/es\/\"},{\"@type\":\"ListItem\",\"position\":2,\"name\":\"Schola Cantorum\"}]},{\"@type\":\"WebSite\",\"@id\":\"https:\/\/escolania.digitalofthings.dev\/es\/#website\",\"url\":\"https:\/\/escolania.digitalofthings.dev\/es\/\",\"name\":\"Escolania de Montserrat\",\"description\":\"Escolania de Montserrat\",\"publisher\":{\"@id\":\"https:\/\/escolania.digitalofthings.dev\/es\/#organization\"},\"potentialAction\":[{\"@type\":\"SearchAction\",\"target\":{\"@type\":\"EntryPoint\",\"urlTemplate\":\"https:\/\/escolania.digitalofthings.dev\/es\/?s={search_term_string}\"},\"query-input\":\"required name=search_term_string\"}],\"inLanguage\":\"es\"},{\"@type\":\"Organization\",\"@id\":\"https:\/\/escolania.digitalofthings.dev\/es\/#organization\",\"name\":\"Escolania de Montserrat\",\"url\":\"https:\/\/escolania.digitalofthings.dev\/es\/\",\"logo\":{\"@type\":\"ImageObject\",\"inLanguage\":\"es\",\"@id\":\"https:\/\/escolania.digitalofthings.dev\/es\/#\/schema\/logo\/image\/\",\"url\":\"https:\/\/www.escolania.cat\/wp-content\/uploads\/2019\/11\/logo-escolania.svg\",\"contentUrl\":\"https:\/\/www.escolania.cat\/wp-content\/uploads\/2019\/11\/logo-escolania.svg\",\"width\":546,\"height\":112,\"caption\":\"Escolania de Montserrat\"},\"image\":{\"@id\":\"https:\/\/escolania.digitalofthings.dev\/es\/#\/schema\/logo\/image\/\"},\"sameAs\":[\"https:\/\/www.facebook.com\/EscolaniaMont\/\",\"https:\/\/twitter.com\/EscolaniaMont\",\"https:\/\/www.instagram.com\/escolania_montserrat\/\",\"https:\/\/www.youtube.com\/user\/EscolaniaMontserrat\",\"https:\/\/es.wikipedia.org\/wiki\/Escolan\u00eda_de_Montserrat\"]}]}<\/script>\n<!-- \/ Yoast SEO plugin. -->","yoast_head_json":{"title":"Schola Cantorum - Escolania de Montserrat","robots":{"index":"index","follow":"follow","max-snippet":"max-snippet:-1","max-image-preview":"max-image-preview:large","max-video-preview":"max-video-preview:-1"},"canonical":"https:\/\/escolania.digitalofthings.dev\/es\/schola-cantorum\/","schema":{"@context":"https:\/\/schema.org","@graph":[{"@type":"WebPage","@id":"https:\/\/escolania.digitalofthings.dev\/es\/schola-cantorum\/","url":"https:\/\/escolania.digitalofthings.dev\/es\/schola-cantorum\/","name":"Schola Cantorum - Escolania de Montserrat","isPartOf":{"@id":"https:\/\/escolania.digitalofthings.dev\/es\/#website"},"datePublished":"2024-10-10T13:24:33+00:00","dateModified":"2024-10-10T13:25:16+00:00","breadcrumb":{"@id":"https:\/\/escolania.digitalofthings.dev\/es\/schola-cantorum\/#breadcrumb"},"inLanguage":"es","potentialAction":[{"@type":"ReadAction","target":["https:\/\/escolania.digitalofthings.dev\/es\/schola-cantorum\/"]}]},{"@type":"BreadcrumbList","@id":"https:\/\/escolania.digitalofthings.dev\/es\/schola-cantorum\/#breadcrumb","itemListElement":[{"@type":"ListItem","position":1,"name":"Inici","item":"https:\/\/escolania.digitalofthings.dev\/es\/"},{"@type":"ListItem","position":2,"name":"Schola Cantorum"}]},{"@type":"WebSite","@id":"https:\/\/escolania.digitalofthings.dev\/es\/#website","url":"https:\/\/escolania.digitalofthings.dev\/es\/","name":"Escolania de Montserrat","description":"Escolania de Montserrat","publisher":{"@id":"https:\/\/escolania.digitalofthings.dev\/es\/#organization"},"potentialAction":[{"@type":"SearchAction","target":{"@type":"EntryPoint","urlTemplate":"https:\/\/escolania.digitalofthings.dev\/es\/?s={search_term_string}"},"query-input":"required name=search_term_string"}],"inLanguage":"es"},{"@type":"Organization","@id":"https:\/\/escolania.digitalofthings.dev\/es\/#organization","name":"Escolania de Montserrat","url":"https:\/\/escolania.digitalofthings.dev\/es\/","logo":{"@type":"ImageObject","inLanguage":"es","@id":"https:\/\/escolania.digitalofthings.dev\/es\/#\/schema\/logo\/image\/","url":"https:\/\/www.escolania.cat\/wp-content\/uploads\/2019\/11\/logo-escolania.svg","contentUrl":"https:\/\/www.escolania.cat\/wp-content\/uploads\/2019\/11\/logo-escolania.svg","width":546,"height":112,"caption":"Escolania de Montserrat"},"image":{"@id":"https:\/\/escolania.digitalofthings.dev\/es\/#\/schema\/logo\/image\/"},"sameAs":["https:\/\/www.facebook.com\/EscolaniaMont\/","https:\/\/twitter.com\/EscolaniaMont","https:\/\/www.instagram.com\/escolania_montserrat\/","https:\/\/www.youtube.com\/user\/EscolaniaMontserrat","https:\/\/es.wikipedia.org\/wiki\/Escolan\u00eda_de_Montserrat"]}]}},"_links":{"self":[{"href":"https:\/\/escolania.digitalofthings.dev\/es\/wp-json\/wp\/v2\/pages\/8607"}],"collection":[{"href":"https:\/\/escolania.digitalofthings.dev\/es\/wp-json\/wp\/v2\/pages"}],"about":[{"href":"https:\/\/escolania.digitalofthings.dev\/es\/wp-json\/wp\/v2\/types\/page"}],"author":[{"embeddable":true,"href":"https:\/\/escolania.digitalofthings.dev\/es\/wp-json\/wp\/v2\/users\/8"}],"replies":[{"embeddable":true,"href":"https:\/\/escolania.digitalofthings.dev\/es\/wp-json\/wp\/v2\/comments?post=8607"}],"version-history":[{"count":5,"href":"https:\/\/escolania.digitalofthings.dev\/es\/wp-json\/wp\/v2\/pages\/8607\/revisions"}],"predecessor-version":[{"id":8695,"href":"https:\/\/escolania.digitalofthings.dev\/es\/wp-json\/wp\/v2\/pages\/8607\/revisions\/8695"}],"wp:attachment":[{"href":"https:\/\/escolania.digitalofthings.dev\/es\/wp-json\/wp\/v2\/media?parent=8607"}],"curies":[{"name":"wp","href":"https:\/\/api.w.org\/{rel}","templated":true}]}}